{"id":10913,"date":"2019-03-26T11:08:20","date_gmt":"2019-03-26T10:08:20","guid":{"rendered":"https:\/\/crosstalent.com\/clients\/mecenat-bsf\/"},"modified":"2019-03-26T11:08:20","modified_gmt":"2019-03-26T10:08:20","slug":"patronage-lwb","status":"publish","type":"page","link":"https:\/\/crosstalent.com\/en\/patronage-lwb\/","title":{"rendered":"Corporate Patronage &#8211; Libraries Without Borders"},"content":{"rendered":"<h2>Who is Libraries Without Borders ?<\/h2>\n<p>A non-governmental organization whose mission is to bring knowledge to those who are deprived of it, all over the world, via several pillars of actions:<\/p>\n<ul>\n<li>Tools to bring the library to the most precarious public through their &#8220;IdeasBox&#8221; project<\/li>\n<li>Made-to-measure content to change lives, with 28.000 content selected in 23 languages<\/li>\n<li>To have more information about the NGO, go to their website.<\/li>\n<\/ul>\n<p>Since 4 years, Crosstalent and Libraries Without Borders are partners as part of a <strong>skills sponsorship program<\/strong>.<\/p>\n<ul><\/ul>\n<h2>Sponsorship goal<\/h2>\n<ul>This partnership aims to support Libraries Without Borders on their current problematic :<\/ul>\n<ul>\n<li>Contact management (Volunteers, Donors, Members, Professional contacts, Journalists)<\/li>\n<li>HR Management (People management, Recruitment, Mobility, Jobs)<\/li>\n<li>Marketing Management (Actions &amp; Events)<\/li>\n<li>Campaign Management (Calls for donations, Communication campaigns)<\/li>\n<\/ul>\n<h2>Crosstalent&#8217;s Proposal<\/h2>\n<p>So we set up a skills sponsorship program through the following actions :<\/p>\n<ul>\n<li>Free integration of Salesforce CRM functionality + HRIS Crosstalent application for managers of Libraries Without Borders<\/li>\n<li>Provision and activation of annual licenses for Libraries Without Borders with Crosstalent features<\/li>\n<li>Daily package of graceful accompaniment in the setting up of the environment of the GRC and HRIS<\/li>\n<li>Crosstalent user administrator training in a skills sponsorship process<\/li>\n<\/ul>\n<p><a href=\"https:\/\/crosstalent.com\/fr\/solution-agile-hr-technology\/\"><img decoding=\"async\" src=\"\/wp-content\/themes\/divi-child\/logo_AHR.svg\"  \/><\/a><\/p>\n<p>As part of the sponsorship program, Commeon organized the March 23, 2018, a conference about the GRC good use and the donor relationship.<\/p>\n<p><span style=\"font-size: 15px;\">To talk about it :<\/span><\/p>\n<ul>\n<li>Fran\u00e7ois RAJAUD, Associate Director of Crosstalent<\/li>\n<li>Olivia LILETTE, Partnership and Fundraising Manager of Libraries Without Borders<\/li>\n<\/ul>\n<p><i class=\"fa fa-quote-left\" style=\"font-size: 50px;\"><\/i><\/p>\n<p style=\"text-align: center; padding: 5%;\"><span>L\u2019effet d\u2019adh\u00e9sion interne \u00e0 la solution est tr\u00e8s rapide parce que la solution se vend d\u2019elle m\u00eame. Le c\u00f4t\u00e9 \u00abergonomie native\u00bb de la solution nous aide beaucoup.<\/span><\/p>\n<p style=\"text-align: right;\"><i class=\"fa fa-quote-right\" aria-hidden=\"true\" style=\"font-size: 50px;\"><\/i><\/p>\n<h3>Discover others testimony<\/h3>\n<p class=\"temoignage\" style=\"text-align: left;\">T\u00e9moignage client : Pfizer<\/p>\n<p><img fetchpriority=\"high\" decoding=\"async\" src=\"https:\/\/www.crosstalent.eu\/wp-content\/uploads\/2018\/12\/logo_client_pfizer.jpg\" width=\"300\" height=\"300\" alt=\"\" class=\"wp-image-4882 alignnone size-full\" style=\"float: left;\" srcset=\"https:\/\/crosstalent.com\/wp-content\/uploads\/2018\/12\/logo_client_pfizer.jpg 300w, https:\/\/crosstalent.com\/wp-content\/uploads\/2018\/12\/logo_client_pfizer-150x150.jpg 150w\" sizes=\"(max-width: 300px) 100vw, 300px\" \/><\/p>\n<p class=\"temoignage\" style=\"text-align: left;\">T\u00e9moignage client : Pfizer<\/p>\n<p><img fetchpriority=\"high\" decoding=\"async\" src=\"https:\/\/www.crosstalent.eu\/wp-content\/uploads\/2018\/12\/logo_client_pfizer.jpg\" width=\"300\" height=\"300\" alt=\"\" class=\"wp-image-4882 alignnone size-full\" style=\"float: left;\" srcset=\"https:\/\/crosstalent.com\/wp-content\/uploads\/2018\/12\/logo_client_pfizer.jpg 300w, https:\/\/crosstalent.com\/wp-content\/uploads\/2018\/12\/logo_client_pfizer-150x150.jpg 150w\" sizes=\"(max-width: 300px) 100vw, 300px\" \/><\/p>\n<p class=\"temoignage\" style=\"text-align: left;\">T\u00e9moignage client : Pfizer<\/p>\n<p><img fetchpriority=\"high\" decoding=\"async\" src=\"https:\/\/www.crosstalent.eu\/wp-content\/uploads\/2018\/12\/logo_client_pfizer.jpg\" width=\"300\" height=\"300\" alt=\"\" class=\"wp-image-4882 alignnone size-full\" style=\"float: left;\" srcset=\"https:\/\/crosstalent.com\/wp-content\/uploads\/2018\/12\/logo_client_pfizer.jpg 300w, https:\/\/crosstalent.com\/wp-content\/uploads\/2018\/12\/logo_client_pfizer-150x150.jpg 150w\" sizes=\"(max-width: 300px) 100vw, 300px\" \/><\/p>\n","protected":false},"excerpt":{"rendered":"<p>Who is Libraries Without Borders ? A non-governmental organization whose mission is to bring knowledge to those who are deprived of it, all over the world, via several pillars of actions: Tools to bring the library to the most precarious public through their &#8220;IdeasBox&#8221; project Made-to-measure content to change lives, with 28.000 content selected in [&hellip;]<\/p>\n","protected":false},"author":10,"featured_media":0,"parent":0,"menu_order":0,"comment_status":"closed","ping_status":"closed","template":"","meta":{"inline_featured_image":false,"footnotes":""},"class_list":["post-10913","page","type-page","status-publish","hentry"],"yoast_head":"<!-- This site is optimized with the Yoast SEO plugin v27.1.1 - https:\/\/yoast.com\/product\/yoast-seo-wordpress\/ -->\n<title>Corporate Patronage - Libraries Without Borders<\/title>\n<meta name=\"robots\" content=\"noindex, nofollow\" \/>\n<meta property=\"og:locale\" content=\"en_US\" \/>\n<meta property=\"og:type\" content=\"article\" \/>\n<meta property=\"og:title\" content=\"Corporate Patronage - Libraries Without Borders\" \/>\n<meta property=\"og:description\" content=\"Who is Libraries Without Borders ? A non-governmental organization whose mission is to bring knowledge to those who are deprived of it, all over the world, via several pillars of actions: Tools to bring the library to the most precarious public through their &#8220;IdeasBox&#8221; project Made-to-measure content to change lives, with 28.000 content selected in [&hellip;]\" \/>\n<meta property=\"og:url\" content=\"https:\/\/crosstalent.com\/en\/patronage-lwb\/\" \/>\n<meta property=\"og:site_name\" content=\"Crosstalent\" \/>\n<meta property=\"og:image\" content=\"https:\/\/crosstalent.com\/wp-content\/uploads\/2023\/12\/crosstalent-ogimage.jpg\" \/>\n<meta name=\"twitter:card\" content=\"summary_large_image\" \/>\n<meta name=\"twitter:site\" content=\"@CrossTalent_FR\" \/>\n<meta name=\"twitter:label1\" content=\"Est. reading time\" \/>\n\t<meta name=\"twitter:data1\" content=\"1 minute\" \/>\n<script type=\"application\/ld+json\" class=\"yoast-schema-graph\">{\"@context\":\"https:\/\/schema.org\",\"@graph\":[{\"@type\":\"WebPage\",\"@id\":\"https:\/\/crosstalent.com\/en\/patronage-lwb\/\",\"url\":\"https:\/\/crosstalent.com\/en\/patronage-lwb\/\",\"name\":\"Corporate Patronage - Libraries Without Borders\",\"isPartOf\":{\"@id\":\"https:\/\/crosstalent.com\/en\/#website\"},\"primaryImageOfPage\":{\"@id\":\"https:\/\/crosstalent.com\/en\/patronage-lwb\/#primaryimage\"},\"image\":{\"@id\":\"https:\/\/crosstalent.com\/en\/patronage-lwb\/#primaryimage\"},\"thumbnailUrl\":\"https:\/\/www.crosstalent.eu\/wp-content\/uploads\/2018\/12\/logo_client_pfizer.jpg\",\"datePublished\":\"2019-03-26T10:08:20+00:00\",\"breadcrumb\":{\"@id\":\"https:\/\/crosstalent.com\/en\/patronage-lwb\/#breadcrumb\"},\"inLanguage\":\"en-US\",\"potentialAction\":[{\"@type\":\"ReadAction\",\"target\":[\"https:\/\/crosstalent.com\/en\/patronage-lwb\/\"]}]},{\"@type\":\"ImageObject\",\"inLanguage\":\"en-US\",\"@id\":\"https:\/\/crosstalent.com\/en\/patronage-lwb\/#primaryimage\",\"url\":\"https:\/\/www.crosstalent.eu\/wp-content\/uploads\/2018\/12\/logo_client_pfizer.jpg\",\"contentUrl\":\"https:\/\/www.crosstalent.eu\/wp-content\/uploads\/2018\/12\/logo_client_pfizer.jpg\"},{\"@type\":\"BreadcrumbList\",\"@id\":\"https:\/\/crosstalent.com\/en\/patronage-lwb\/#breadcrumb\",\"itemListElement\":[{\"@type\":\"ListItem\",\"position\":1,\"name\":\"Accueil\",\"item\":\"https:\/\/crosstalent.com\/en\/\"},{\"@type\":\"ListItem\",\"position\":2,\"name\":\"Corporate Patronage &#8211; Libraries Without Borders\"}]},{\"@type\":\"WebSite\",\"@id\":\"https:\/\/crosstalent.com\/en\/#website\",\"url\":\"https:\/\/crosstalent.com\/en\/\",\"name\":\"Crosstalent\",\"description\":\"Solutions RH &amp; de Gestions d&#039;affaires innovantes en mode SaaS\",\"publisher\":{\"@id\":\"https:\/\/crosstalent.com\/en\/#organization\"},\"potentialAction\":[{\"@type\":\"SearchAction\",\"target\":{\"@type\":\"EntryPoint\",\"urlTemplate\":\"https:\/\/crosstalent.com\/en\/?s={search_term_string}\"},\"query-input\":{\"@type\":\"PropertyValueSpecification\",\"valueRequired\":true,\"valueName\":\"search_term_string\"}}],\"inLanguage\":\"en-US\"},{\"@type\":\"Organization\",\"@id\":\"https:\/\/crosstalent.com\/en\/#organization\",\"name\":\"Crosstalent\",\"url\":\"https:\/\/crosstalent.com\/en\/\",\"logo\":{\"@type\":\"ImageObject\",\"inLanguage\":\"en-US\",\"@id\":\"https:\/\/crosstalent.com\/en\/#\/schema\/logo\/image\/\",\"url\":\"https:\/\/crosstalent.com\/wp-content\/uploads\/2023\/12\/crosstalent-logo.svg\",\"contentUrl\":\"https:\/\/crosstalent.com\/wp-content\/uploads\/2023\/12\/crosstalent-logo.svg\",\"width\":1,\"height\":1,\"caption\":\"Crosstalent\"},\"image\":{\"@id\":\"https:\/\/crosstalent.com\/en\/#\/schema\/logo\/image\/\"},\"sameAs\":[\"https:\/\/x.com\/CrossTalent_FR\",\"https:\/\/linkedin.com\/company\/crosstalent\"]}]}<\/script>\n<!-- \/ Yoast SEO plugin. -->","yoast_head_json":{"title":"Corporate Patronage - Libraries Without Borders","robots":{"index":"noindex","follow":"nofollow"},"og_locale":"en_US","og_type":"article","og_title":"Corporate Patronage - Libraries Without Borders","og_description":"Who is Libraries Without Borders ? A non-governmental organization whose mission is to bring knowledge to those who are deprived of it, all over the world, via several pillars of actions: Tools to bring the library to the most precarious public through their &#8220;IdeasBox&#8221; project Made-to-measure content to change lives, with 28.000 content selected in [&hellip;]","og_url":"https:\/\/crosstalent.com\/en\/patronage-lwb\/","og_site_name":"Crosstalent","og_image":[{"url":"https:\/\/crosstalent.com\/wp-content\/uploads\/2023\/12\/crosstalent-ogimage.jpg","type":"","width":"","height":""}],"twitter_card":"summary_large_image","twitter_site":"@CrossTalent_FR","twitter_misc":{"Est. reading time":"1 minute"},"schema":{"@context":"https:\/\/schema.org","@graph":[{"@type":"WebPage","@id":"https:\/\/crosstalent.com\/en\/patronage-lwb\/","url":"https:\/\/crosstalent.com\/en\/patronage-lwb\/","name":"Corporate Patronage - Libraries Without Borders","isPartOf":{"@id":"https:\/\/crosstalent.com\/en\/#website"},"primaryImageOfPage":{"@id":"https:\/\/crosstalent.com\/en\/patronage-lwb\/#primaryimage"},"image":{"@id":"https:\/\/crosstalent.com\/en\/patronage-lwb\/#primaryimage"},"thumbnailUrl":"https:\/\/www.crosstalent.eu\/wp-content\/uploads\/2018\/12\/logo_client_pfizer.jpg","datePublished":"2019-03-26T10:08:20+00:00","breadcrumb":{"@id":"https:\/\/crosstalent.com\/en\/patronage-lwb\/#breadcrumb"},"inLanguage":"en-US","potentialAction":[{"@type":"ReadAction","target":["https:\/\/crosstalent.com\/en\/patronage-lwb\/"]}]},{"@type":"ImageObject","inLanguage":"en-US","@id":"https:\/\/crosstalent.com\/en\/patronage-lwb\/#primaryimage","url":"https:\/\/www.crosstalent.eu\/wp-content\/uploads\/2018\/12\/logo_client_pfizer.jpg","contentUrl":"https:\/\/www.crosstalent.eu\/wp-content\/uploads\/2018\/12\/logo_client_pfizer.jpg"},{"@type":"BreadcrumbList","@id":"https:\/\/crosstalent.com\/en\/patronage-lwb\/#breadcrumb","itemListElement":[{"@type":"ListItem","position":1,"name":"Accueil","item":"https:\/\/crosstalent.com\/en\/"},{"@type":"ListItem","position":2,"name":"Corporate Patronage &#8211; Libraries Without Borders"}]},{"@type":"WebSite","@id":"https:\/\/crosstalent.com\/en\/#website","url":"https:\/\/crosstalent.com\/en\/","name":"Crosstalent","description":"Solutions RH &amp; de Gestions d&#039;affaires innovantes en mode SaaS","publisher":{"@id":"https:\/\/crosstalent.com\/en\/#organization"},"potentialAction":[{"@type":"SearchAction","target":{"@type":"EntryPoint","urlTemplate":"https:\/\/crosstalent.com\/en\/?s={search_term_string}"},"query-input":{"@type":"PropertyValueSpecification","valueRequired":true,"valueName":"search_term_string"}}],"inLanguage":"en-US"},{"@type":"Organization","@id":"https:\/\/crosstalent.com\/en\/#organization","name":"Crosstalent","url":"https:\/\/crosstalent.com\/en\/","logo":{"@type":"ImageObject","inLanguage":"en-US","@id":"https:\/\/crosstalent.com\/en\/#\/schema\/logo\/image\/","url":"https:\/\/crosstalent.com\/wp-content\/uploads\/2023\/12\/crosstalent-logo.svg","contentUrl":"https:\/\/crosstalent.com\/wp-content\/uploads\/2023\/12\/crosstalent-logo.svg","width":1,"height":1,"caption":"Crosstalent"},"image":{"@id":"https:\/\/crosstalent.com\/en\/#\/schema\/logo\/image\/"},"sameAs":["https:\/\/x.com\/CrossTalent_FR","https:\/\/linkedin.com\/company\/crosstalent"]}]}},"_links":{"self":[{"href":"https:\/\/crosstalent.com\/en\/wp-json\/wp\/v2\/pages\/10913","targetHints":{"allow":["GET"]}}],"collection":[{"href":"https:\/\/crosstalent.com\/en\/wp-json\/wp\/v2\/pages"}],"about":[{"href":"https:\/\/crosstalent.com\/en\/wp-json\/wp\/v2\/types\/page"}],"author":[{"embeddable":true,"href":"https:\/\/crosstalent.com\/en\/wp-json\/wp\/v2\/users\/10"}],"replies":[{"embeddable":true,"href":"https:\/\/crosstalent.com\/en\/wp-json\/wp\/v2\/comments?post=10913"}],"version-history":[{"count":0,"href":"https:\/\/crosstalent.com\/en\/wp-json\/wp\/v2\/pages\/10913\/revisions"}],"wp:attachment":[{"href":"https:\/\/crosstalent.com\/en\/wp-json\/wp\/v2\/media?parent=10913"}],"curies":[{"name":"wp","href":"https:\/\/api.w.org\/{rel}","templated":true}]}}