{"id":10971,"date":"2019-04-17T14:28:49","date_gmt":"2019-04-17T12:28:49","guid":{"rendered":"https:\/\/crosstalent.com\/?page_id=10971"},"modified":"2024-01-12T16:22:25","modified_gmt":"2024-01-12T15:22:25","slug":"engie","status":"publish","type":"page","link":"https:\/\/crosstalent.com\/fr\/clients\/engie\/","title":{"rendered":"Engie"},"content":{"rendered":"<h1>ENGIE, fournisseur de gaz naturel et d&rsquo;\u00e9lectricit\u00e9 verte<\/h1>\n<p>ENGIE est un acteur mondialement connu pour son travail dans le domaine de l&rsquo;\u00e9nergie bas carbone et les services. L&rsquo;entreprise propose des solutions performantes et innovantes aux particuliers, aux entreprises et aux ville en s&rsquo;appuyant sur la maitrise de la cha\u00eene de valeur de l&rsquo;\u00e9nergie.<\/p>\n<h2>Besoin du client<\/h2>\n<ul>\n<li>D\u00e9velopper la mobilit\u00e9 interne qui repr\u00e9sente 5500 mobilit\u00e9s chaque ann\u00e9e.<\/li>\n<li>Dynamiser la relation de mode de travail en r\u00e9seaux des RH charg\u00e9s de la mobilit\u00e9.<\/li>\n<\/ul>\n<h2>Proposition de Crosstalent<\/h2>\n<ul>\n<li>Meilleure connectivit\u00e9 et exp\u00e9rience salari\u00e9\/ utilisateur gr\u00e2ce \u00e0 l\u2019interactivit\u00e9 et l\u2019ergonomie de la solution<\/li>\n<li>Meilleure visibilit\u00e9 des offres d\u2019emplois internes par les salari\u00e9s<\/li>\n<li>Mise en place d\u2019une cartographie des comp\u00e9tences des candidats internes disponibles<\/li>\n<li>Solution utilis\u00e9e par pr\u00e8s de 900 recruteurs et gestionnaires RH<\/li>\n<\/ul>\n<p><a href=\"https:\/\/www.crosstalent.eu\/fr\/solution-agile-hr-technology\/\"><img decoding=\"async\" src=\"\/wp-content\/themes\/divi-child\/logo_AHR.svg\" \/><\/a><\/p>\n<p><i class=\"fa fa-quote-left\" style=\"font-size: 50px;\"><\/i><\/p>\n<p style=\"text-align: center; padding: 5%;\"><span>L\u2019effet d\u2019adh\u00e9sion interne \u00e0 la solution est tr\u00e8s rapide parce que la solution se vend d\u2019elle-m\u00eame. Le c\u00f4t\u00e9 \u00abergonomie native\u00bb de la solution nous aide beaucoup.<\/span><\/p>\n<p style=\"text-align: right;\"><i class=\"fa fa-quote-right\" aria-hidden=\"true\" style=\"font-size: 50px;\"><\/i><\/p>\n<h3>D\u00e9couvrir d&rsquo;autres t\u00e9moignages<\/h3>\n<p><a href=\"https:\/\/www.crosstalent.eu\/fr\/clients\/emn\/\" style=\"color: #fff;\"><\/p>\n<p class=\"temoignage\" style=\"text-align: left;\">T\u00e9moignage client : EMN<\/p>\n<p><img fetchpriority=\"high\" decoding=\"async\" src=\"https:\/\/www.crosstalent.eu\/wp-content\/uploads\/2019\/04\/logo-emn.jpg\" width=\"300\" height=\"300\" alt=\"\" class=\"wp-image-4882 alignnone size-full\" style=\"float: left;\" \/><\/p>\n<p><\/a><a href=\"https:\/\/www.crosstalent.eu\/fr\/clients\/softbank-robotics\/\" style=\"color: #fff;\"><\/p>\n<p class=\"temoignage\" style=\"text-align: left;\">T\u00e9moignage client : SBRE<\/p>\n<p><img decoding=\"async\" src=\"https:\/\/www.crosstalent.eu\/wp-content\/uploads\/2019\/02\/logo_client_softbank.jpg\" width=\"300\" height=\"300\" alt=\"\" class=\"wp-image-4882 alignnone size-full\" style=\"float: left;\" \/><\/p>\n<p><\/a><\/p>\n","protected":false},"excerpt":{"rendered":"<p>ENGIE, fournisseur de gaz naturel et d&rsquo;\u00e9lectricit\u00e9 verte ENGIE est un acteur mondialement connu pour son travail dans le domaine de l&rsquo;\u00e9nergie bas carbone et les services. L&rsquo;entreprise propose des solutions performantes et innovantes aux particuliers, aux entreprises et aux ville en s&rsquo;appuyant sur la maitrise de la cha\u00eene de valeur de l&rsquo;\u00e9nergie. Besoin du [&hellip;]<\/p>\n","protected":false},"author":10,"featured_media":0,"parent":19493,"menu_order":0,"comment_status":"closed","ping_status":"closed","template":"","meta":{"_acf_changed":false,"inline_featured_image":false,"footnotes":""},"class_list":["post-10971","page","type-page","status-publish","hentry"],"acf":[],"yoast_head":"<!-- This site is optimized with the Yoast SEO plugin v27.5 - https:\/\/yoast.com\/product\/yoast-seo-wordpress\/ -->\n<title>Engie<\/title>\n<meta name=\"robots\" content=\"noindex, nofollow\" \/>\n<meta property=\"og:locale\" content=\"fr_FR\" \/>\n<meta property=\"og:type\" content=\"article\" \/>\n<meta property=\"og:title\" content=\"Engie\" \/>\n<meta property=\"og:description\" content=\"ENGIE, fournisseur de gaz naturel et d&rsquo;\u00e9lectricit\u00e9 verte ENGIE est un acteur mondialement connu pour son travail dans le domaine de l&rsquo;\u00e9nergie bas carbone et les services. L&rsquo;entreprise propose des solutions performantes et innovantes aux particuliers, aux entreprises et aux ville en s&rsquo;appuyant sur la maitrise de la cha\u00eene de valeur de l&rsquo;\u00e9nergie. Besoin du [&hellip;]\" \/>\n<meta property=\"og:url\" content=\"https:\/\/crosstalent.com\/fr\/clients\/engie\/\" \/>\n<meta property=\"og:site_name\" content=\"Crosstalent\" \/>\n<meta property=\"article:modified_time\" content=\"2024-01-12T15:22:25+00:00\" \/>\n<meta property=\"og:image\" content=\"https:\/\/crosstalent.com\/wp-content\/uploads\/2023\/12\/crosstalent-ogimage.jpg\" \/>\n<meta name=\"twitter:card\" content=\"summary_large_image\" \/>\n<meta name=\"twitter:site\" content=\"@CrossTalent_FR\" \/>\n<meta name=\"twitter:label1\" content=\"Dur\u00e9e de lecture estim\u00e9e\" \/>\n\t<meta name=\"twitter:data1\" content=\"1 minute\" \/>\n<script type=\"application\/ld+json\" class=\"yoast-schema-graph\">{\"@context\":\"https:\\\/\\\/schema.org\",\"@graph\":[{\"@type\":\"WebPage\",\"@id\":\"https:\\\/\\\/crosstalent.com\\\/fr\\\/clients\\\/engie\\\/\",\"url\":\"https:\\\/\\\/crosstalent.com\\\/fr\\\/clients\\\/engie\\\/\",\"name\":\"Engie\",\"isPartOf\":{\"@id\":\"https:\\\/\\\/crosstalent.com\\\/fr\\\/#website\"},\"primaryImageOfPage\":{\"@id\":\"https:\\\/\\\/crosstalent.com\\\/fr\\\/clients\\\/engie\\\/#primaryimage\"},\"image\":{\"@id\":\"https:\\\/\\\/crosstalent.com\\\/fr\\\/clients\\\/engie\\\/#primaryimage\"},\"thumbnailUrl\":\"https:\\\/\\\/www.crosstalent.eu\\\/wp-content\\\/uploads\\\/2019\\\/04\\\/logo-emn.jpg\",\"datePublished\":\"2019-04-17T12:28:49+00:00\",\"dateModified\":\"2024-01-12T15:22:25+00:00\",\"breadcrumb\":{\"@id\":\"https:\\\/\\\/crosstalent.com\\\/fr\\\/clients\\\/engie\\\/#breadcrumb\"},\"inLanguage\":\"fr-FR\",\"potentialAction\":[{\"@type\":\"ReadAction\",\"target\":[\"https:\\\/\\\/crosstalent.com\\\/fr\\\/clients\\\/engie\\\/\"]}]},{\"@type\":\"ImageObject\",\"inLanguage\":\"fr-FR\",\"@id\":\"https:\\\/\\\/crosstalent.com\\\/fr\\\/clients\\\/engie\\\/#primaryimage\",\"url\":\"https:\\\/\\\/www.crosstalent.eu\\\/wp-content\\\/uploads\\\/2019\\\/04\\\/logo-emn.jpg\",\"contentUrl\":\"https:\\\/\\\/www.crosstalent.eu\\\/wp-content\\\/uploads\\\/2019\\\/04\\\/logo-emn.jpg\"},{\"@type\":\"BreadcrumbList\",\"@id\":\"https:\\\/\\\/crosstalent.com\\\/fr\\\/clients\\\/engie\\\/#breadcrumb\",\"itemListElement\":[{\"@type\":\"ListItem\",\"position\":1,\"name\":\"Accueil\",\"item\":\"https:\\\/\\\/crosstalent.com\\\/fr\\\/\"},{\"@type\":\"ListItem\",\"position\":2,\"name\":\"Clients\",\"item\":\"https:\\\/\\\/crosstalent.com\\\/fr\\\/clients\\\/\"},{\"@type\":\"ListItem\",\"position\":3,\"name\":\"ENGIE\"}]},{\"@type\":\"WebSite\",\"@id\":\"https:\\\/\\\/crosstalent.com\\\/fr\\\/#website\",\"url\":\"https:\\\/\\\/crosstalent.com\\\/fr\\\/\",\"name\":\"Crosstalent\",\"description\":\"Solutions RH &amp; de Gestions d&#039;affaires innovantes en mode SaaS\",\"publisher\":{\"@id\":\"https:\\\/\\\/crosstalent.com\\\/fr\\\/#organization\"},\"potentialAction\":[{\"@type\":\"SearchAction\",\"target\":{\"@type\":\"EntryPoint\",\"urlTemplate\":\"https:\\\/\\\/crosstalent.com\\\/fr\\\/?s={search_term_string}\"},\"query-input\":{\"@type\":\"PropertyValueSpecification\",\"valueRequired\":true,\"valueName\":\"search_term_string\"}}],\"inLanguage\":\"fr-FR\"},{\"@type\":\"Organization\",\"@id\":\"https:\\\/\\\/crosstalent.com\\\/fr\\\/#organization\",\"name\":\"Crosstalent\",\"url\":\"https:\\\/\\\/crosstalent.com\\\/fr\\\/\",\"logo\":{\"@type\":\"ImageObject\",\"inLanguage\":\"fr-FR\",\"@id\":\"https:\\\/\\\/crosstalent.com\\\/fr\\\/#\\\/schema\\\/logo\\\/image\\\/\",\"url\":\"https:\\\/\\\/crosstalent.com\\\/wp-content\\\/uploads\\\/2023\\\/12\\\/crosstalent-logo.svg\",\"contentUrl\":\"https:\\\/\\\/crosstalent.com\\\/wp-content\\\/uploads\\\/2023\\\/12\\\/crosstalent-logo.svg\",\"width\":1,\"height\":1,\"caption\":\"Crosstalent\"},\"image\":{\"@id\":\"https:\\\/\\\/crosstalent.com\\\/fr\\\/#\\\/schema\\\/logo\\\/image\\\/\"},\"sameAs\":[\"https:\\\/\\\/x.com\\\/CrossTalent_FR\",\"https:\\\/\\\/linkedin.com\\\/company\\\/crosstalent\"]}]}<\/script>\n<!-- \/ Yoast SEO plugin. -->","yoast_head_json":{"title":"Engie","robots":{"index":"noindex","follow":"nofollow"},"og_locale":"fr_FR","og_type":"article","og_title":"Engie","og_description":"ENGIE, fournisseur de gaz naturel et d&rsquo;\u00e9lectricit\u00e9 verte ENGIE est un acteur mondialement connu pour son travail dans le domaine de l&rsquo;\u00e9nergie bas carbone et les services. L&rsquo;entreprise propose des solutions performantes et innovantes aux particuliers, aux entreprises et aux ville en s&rsquo;appuyant sur la maitrise de la cha\u00eene de valeur de l&rsquo;\u00e9nergie. Besoin du [&hellip;]","og_url":"https:\/\/crosstalent.com\/fr\/clients\/engie\/","og_site_name":"Crosstalent","article_modified_time":"2024-01-12T15:22:25+00:00","og_image":[{"url":"https:\/\/crosstalent.com\/wp-content\/uploads\/2023\/12\/crosstalent-ogimage.jpg","type":"","width":"","height":""}],"twitter_card":"summary_large_image","twitter_site":"@CrossTalent_FR","twitter_misc":{"Dur\u00e9e de lecture estim\u00e9e":"1 minute"},"schema":{"@context":"https:\/\/schema.org","@graph":[{"@type":"WebPage","@id":"https:\/\/crosstalent.com\/fr\/clients\/engie\/","url":"https:\/\/crosstalent.com\/fr\/clients\/engie\/","name":"Engie","isPartOf":{"@id":"https:\/\/crosstalent.com\/fr\/#website"},"primaryImageOfPage":{"@id":"https:\/\/crosstalent.com\/fr\/clients\/engie\/#primaryimage"},"image":{"@id":"https:\/\/crosstalent.com\/fr\/clients\/engie\/#primaryimage"},"thumbnailUrl":"https:\/\/www.crosstalent.eu\/wp-content\/uploads\/2019\/04\/logo-emn.jpg","datePublished":"2019-04-17T12:28:49+00:00","dateModified":"2024-01-12T15:22:25+00:00","breadcrumb":{"@id":"https:\/\/crosstalent.com\/fr\/clients\/engie\/#breadcrumb"},"inLanguage":"fr-FR","potentialAction":[{"@type":"ReadAction","target":["https:\/\/crosstalent.com\/fr\/clients\/engie\/"]}]},{"@type":"ImageObject","inLanguage":"fr-FR","@id":"https:\/\/crosstalent.com\/fr\/clients\/engie\/#primaryimage","url":"https:\/\/www.crosstalent.eu\/wp-content\/uploads\/2019\/04\/logo-emn.jpg","contentUrl":"https:\/\/www.crosstalent.eu\/wp-content\/uploads\/2019\/04\/logo-emn.jpg"},{"@type":"BreadcrumbList","@id":"https:\/\/crosstalent.com\/fr\/clients\/engie\/#breadcrumb","itemListElement":[{"@type":"ListItem","position":1,"name":"Accueil","item":"https:\/\/crosstalent.com\/fr\/"},{"@type":"ListItem","position":2,"name":"Clients","item":"https:\/\/crosstalent.com\/fr\/clients\/"},{"@type":"ListItem","position":3,"name":"ENGIE"}]},{"@type":"WebSite","@id":"https:\/\/crosstalent.com\/fr\/#website","url":"https:\/\/crosstalent.com\/fr\/","name":"Crosstalent","description":"Solutions RH &amp; de Gestions d&#039;affaires innovantes en mode SaaS","publisher":{"@id":"https:\/\/crosstalent.com\/fr\/#organization"},"potentialAction":[{"@type":"SearchAction","target":{"@type":"EntryPoint","urlTemplate":"https:\/\/crosstalent.com\/fr\/?s={search_term_string}"},"query-input":{"@type":"PropertyValueSpecification","valueRequired":true,"valueName":"search_term_string"}}],"inLanguage":"fr-FR"},{"@type":"Organization","@id":"https:\/\/crosstalent.com\/fr\/#organization","name":"Crosstalent","url":"https:\/\/crosstalent.com\/fr\/","logo":{"@type":"ImageObject","inLanguage":"fr-FR","@id":"https:\/\/crosstalent.com\/fr\/#\/schema\/logo\/image\/","url":"https:\/\/crosstalent.com\/wp-content\/uploads\/2023\/12\/crosstalent-logo.svg","contentUrl":"https:\/\/crosstalent.com\/wp-content\/uploads\/2023\/12\/crosstalent-logo.svg","width":1,"height":1,"caption":"Crosstalent"},"image":{"@id":"https:\/\/crosstalent.com\/fr\/#\/schema\/logo\/image\/"},"sameAs":["https:\/\/x.com\/CrossTalent_FR","https:\/\/linkedin.com\/company\/crosstalent"]}]}},"_links":{"self":[{"href":"https:\/\/crosstalent.com\/fr\/wp-json\/wp\/v2\/pages\/10971","targetHints":{"allow":["GET"]}}],"collection":[{"href":"https:\/\/crosstalent.com\/fr\/wp-json\/wp\/v2\/pages"}],"about":[{"href":"https:\/\/crosstalent.com\/fr\/wp-json\/wp\/v2\/types\/page"}],"author":[{"embeddable":true,"href":"https:\/\/crosstalent.com\/fr\/wp-json\/wp\/v2\/users\/10"}],"replies":[{"embeddable":true,"href":"https:\/\/crosstalent.com\/fr\/wp-json\/wp\/v2\/comments?post=10971"}],"version-history":[{"count":0,"href":"https:\/\/crosstalent.com\/fr\/wp-json\/wp\/v2\/pages\/10971\/revisions"}],"up":[{"embeddable":true,"href":"https:\/\/crosstalent.com\/fr\/wp-json\/wp\/v2\/pages\/19493"}],"wp:attachment":[{"href":"https:\/\/crosstalent.com\/fr\/wp-json\/wp\/v2\/media?parent=10971"}],"curies":[{"name":"wp","href":"https:\/\/api.w.org\/{rel}","templated":true}]}}