{"id":19792,"date":"2023-12-15T20:15:28","date_gmt":"2023-12-15T19:15:28","guid":{"rendered":"https:\/\/crosstalent.com\/?page_id=19792"},"modified":"2023-12-18T11:00:53","modified_gmt":"2023-12-18T10:00:53","slug":"lp-avis-expert-motivation","status":"publish","type":"page","link":"https:\/\/crosstalent.com\/fr\/lp-avis-expert-motivation\/","title":{"rendered":"Landing Page &#8211; Avis d&rsquo;expert &#8211; Motivation"},"content":{"rendered":"\t\t<div data-elementor-type=\"wp-page\" data-elementor-id=\"19792\" class=\"elementor elementor-19792\" data-elementor-post-type=\"page\">\n\t\t\t\t<div class=\"elementor-element elementor-element-3ec5f75 e-flex e-con-boxed e-con e-parent\" data-id=\"3ec5f75\" data-element_type=\"container\" data-e-type=\"container\">\n\t\t\t\t\t<div class=\"e-con-inner\">\n\t\t<div class=\"elementor-element elementor-element-af0356c e-flex e-con-boxed e-con e-child\" data-id=\"af0356c\" data-element_type=\"container\" data-e-type=\"container\">\n\t\t\t\t\t<div class=\"e-con-inner\">\n\t\t\t\t<div class=\"elementor-element elementor-element-3a2fb75 elementor-widget elementor-widget-heading\" data-id=\"3a2fb75\" data-element_type=\"widget\" data-e-type=\"widget\" data-widget_type=\"heading.default\">\n\t\t\t\t<div class=\"elementor-widget-container\">\n\t\t\t\t\t<h1 class=\"elementor-heading-title elementor-size-default\">Motivation au travail : De la th\u00e9orie au passage \u00e0 l\u2019action : quelles sont les cl\u00e9s de la performance et de l\u2019\u00e9panouissement professionnel ?<\/h1>\t\t\t\t<\/div>\n\t\t\t\t<\/div>\n\t\t\t\t<div class=\"elementor-element elementor-element-fa6f48f elementor-widget elementor-widget-html\" data-id=\"fa6f48f\" data-element_type=\"widget\" data-e-type=\"widget\" data-widget_type=\"html.default\">\n\t\t\t\t<div class=\"elementor-widget-container\">\n\t\t\t\t\t<script type=\"text\/javascript\" src=\"\/\/info.crosstalent.eu\/form\/generate.js?id=17\"><\/script>\t\t\t\t<\/div>\n\t\t\t\t<\/div>\n\t\t\t\t<div class=\"elementor-element elementor-element-cfc422f elementor-hidden-desktop elementor-hidden-tablet elementor-hidden-mobile elementor-button-align-stretch elementor-widget elementor-widget-form\" data-id=\"cfc422f\" data-element_type=\"widget\" data-e-type=\"widget\" data-settings=\"{&quot;step_next_label&quot;:&quot;Next&quot;,&quot;step_previous_label&quot;:&quot;Previous&quot;,&quot;button_width&quot;:&quot;100&quot;,&quot;step_type&quot;:&quot;number_text&quot;,&quot;step_icon_shape&quot;:&quot;circle&quot;}\" data-widget_type=\"form.default\">\n\t\t\t\t<div class=\"elementor-widget-container\">\n\t\t\t\t\t\t\t<form class=\"elementor-form\" method=\"post\" name=\"New Form\" aria-label=\"New Form\">\n\t\t\t<input type=\"hidden\" name=\"post_id\" value=\"19792\"\/>\n\t\t\t<input type=\"hidden\" name=\"form_id\" value=\"cfc422f\"\/>\n\t\t\t<input type=\"hidden\" name=\"referer_title\" value=\"T\u00e9l\u00e9chargez notre avis d\u2019expert sur la motivation au travail\" \/>\n\n\t\t\t\t\t\t\t<input type=\"hidden\" name=\"queried_id\" value=\"19792\"\/>\n\t\t\t\n\t\t\t<div class=\"elementor-form-fields-wrapper elementor-labels-above\">\n\t\t\t\t\t\t\t\t<div class=\"elementor-field-type-text elementor-field-group elementor-column elementor-field-group-name elementor-col-50 elementor-field-required\">\n\t\t\t\t\t\t\t\t\t\t\t\t<label for=\"form-field-name\" class=\"elementor-field-label\">\n\t\t\t\t\t\t\t\tFirst Name*\t\t\t\t\t\t\t<\/label>\n\t\t\t\t\t\t\t\t\t\t\t\t\t\t<input size=\"1\" type=\"text\" name=\"form_fields[name]\" id=\"form-field-name\" class=\"elementor-field elementor-size-sm  elementor-field-textual\" placeholder=\"First Name\" required=\"required\">\n\t\t\t\t\t\t\t\t\t\t\t<\/div>\n\t\t\t\t\t\t\t\t<div class=\"elementor-field-type-text elementor-field-group elementor-column elementor-field-group-field_d46da36 elementor-col-50 elementor-field-required\">\n\t\t\t\t\t\t\t\t\t\t\t\t<label for=\"form-field-field_d46da36\" class=\"elementor-field-label\">\n\t\t\t\t\t\t\t\tLast Name*\t\t\t\t\t\t\t<\/label>\n\t\t\t\t\t\t\t\t\t\t\t\t\t\t<input size=\"1\" type=\"text\" name=\"form_fields[field_d46da36]\" id=\"form-field-field_d46da36\" class=\"elementor-field elementor-size-sm  elementor-field-textual\" placeholder=\"Last Name\" required=\"required\">\n\t\t\t\t\t\t\t\t\t\t\t<\/div>\n\t\t\t\t\t\t\t\t<div class=\"elementor-field-type-email elementor-field-group elementor-column elementor-field-group-email elementor-col-50 elementor-field-required\">\n\t\t\t\t\t\t\t\t\t\t\t\t<label for=\"form-field-email\" class=\"elementor-field-label\">\n\t\t\t\t\t\t\t\tEmail*\t\t\t\t\t\t\t<\/label>\n\t\t\t\t\t\t\t\t\t\t\t\t\t\t<input size=\"1\" type=\"email\" name=\"form_fields[email]\" id=\"form-field-email\" class=\"elementor-field elementor-size-sm  elementor-field-textual\" placeholder=\"Email\" required=\"required\">\n\t\t\t\t\t\t\t\t\t\t\t<\/div>\n\t\t\t\t\t\t\t\t<div class=\"elementor-field-type-tel elementor-field-group elementor-column elementor-field-group-field_4925833 elementor-col-50 elementor-field-required\">\n\t\t\t\t\t\t\t\t\t\t\t\t<label for=\"form-field-field_4925833\" class=\"elementor-field-label\">\n\t\t\t\t\t\t\t\tPhone Number*\t\t\t\t\t\t\t<\/label>\n\t\t\t\t\t\t\t\t<input size=\"1\" type=\"tel\" name=\"form_fields[field_4925833]\" id=\"form-field-field_4925833\" class=\"elementor-field elementor-size-sm  elementor-field-textual\" placeholder=\"Phone Number\" required=\"required\" pattern=\"[0-9()#&amp;+*-=.]+\" title=\"Seuls les caract\u00e8res de num\u00e9ros de t\u00e9l\u00e9phone (#, -, *, etc.) sont accept\u00e9s.\">\n\n\t\t\t\t\t\t<\/div>\n\t\t\t\t\t\t\t\t<div class=\"elementor-field-type-text elementor-field-group elementor-column elementor-field-group-field_59fef1a elementor-col-50\">\n\t\t\t\t\t\t\t\t\t\t\t\t<label for=\"form-field-field_59fef1a\" class=\"elementor-field-label\">\n\t\t\t\t\t\t\t\tCompany*\t\t\t\t\t\t\t<\/label>\n\t\t\t\t\t\t\t\t\t\t\t\t\t\t<input size=\"1\" type=\"text\" name=\"form_fields[field_59fef1a]\" id=\"form-field-field_59fef1a\" class=\"elementor-field elementor-size-sm  elementor-field-textual\" placeholder=\"Company\">\n\t\t\t\t\t\t\t\t\t\t\t<\/div>\n\t\t\t\t\t\t\t\t<div class=\"elementor-field-type-text elementor-field-group elementor-column elementor-field-group-field_529a81a elementor-col-50\">\n\t\t\t\t\t\t\t\t\t\t\t\t<label for=\"form-field-field_529a81a\" class=\"elementor-field-label\">\n\t\t\t\t\t\t\t\tRole*\t\t\t\t\t\t\t<\/label>\n\t\t\t\t\t\t\t\t\t\t\t\t\t\t<input size=\"1\" type=\"text\" name=\"form_fields[field_529a81a]\" id=\"form-field-field_529a81a\" class=\"elementor-field elementor-size-sm  elementor-field-textual\" placeholder=\"Role\">\n\t\t\t\t\t\t\t\t\t\t\t<\/div>\n\t\t\t\t\t\t\t\t<div class=\"elementor-field-type-checkbox elementor-field-group elementor-column elementor-field-group-field_865bd61 elementor-col-100\">\n\t\t\t\t\t<div class=\"elementor-field-subgroup  elementor-subgroup-inline\"><span class=\"elementor-field-option\"><input type=\"checkbox\" value=\"J&#039;accepte que mes donn\u00e9es soient utilis\u00e9es pour des communications marketing, dans le cadre de la demande de d\u00e9mo, ou pour la relation commerciale qui pourrait en r\u00e9sulter. Pour en savoir plus, consultez notre page Politique de confidentialit\u00e9.\" id=\"form-field-field_865bd61-0\" name=\"form_fields[field_865bd61]\"> <label for=\"form-field-field_865bd61-0\">J'accepte que mes donn\u00e9es soient utilis\u00e9es pour des communications marketing, dans le cadre de la demande de d\u00e9mo, ou pour la relation commerciale qui pourrait en r\u00e9sulter. Pour en savoir plus, consultez notre page Politique de confidentialit\u00e9.<\/label><\/span><\/div>\t\t\t\t<\/div>\n\t\t\t\t\t\t\t\t<div class=\"elementor-field-type-textarea elementor-field-group elementor-column elementor-field-group-message elementor-col-100 elementor-field-required\">\n\t\t\t\t\t\t\t\t\t\t\t\t<label for=\"form-field-message\" class=\"elementor-field-label\">\n\t\t\t\t\t\t\t\tMessage*\t\t\t\t\t\t\t<\/label>\n\t\t\t\t\t\t<textarea class=\"elementor-field-textual elementor-field  elementor-size-sm\" name=\"form_fields[message]\" id=\"form-field-message\" rows=\"4\" placeholder=\"Message\" required=\"required\"><\/textarea>\t\t\t\t<\/div>\n\t\t\t\t\t\t\t\t<div class=\"elementor-field-group elementor-column elementor-field-type-submit elementor-col-100 e-form__buttons\">\n\t\t\t\t\t<button class=\"elementor-button elementor-size-sm\" type=\"submit\">\n\t\t\t\t\t\t<span class=\"elementor-button-content-wrapper\">\n\t\t\t\t\t\t\t\t\t\t\t\t\t\t\t<span class=\"elementor-button-icon\">\n\t\t\t\t\t\t\t\t\t<i aria-hidden=\"true\" class=\"far fa-arrow-right\"><\/i>\t\t\t\t\t\t\t\t\t\t\t\t\t\t\t\t\t<\/span>\n\t\t\t\t\t\t\t\t\t\t\t\t\t\t\t\t\t\t\t\t\t\t<span class=\"elementor-button-text\">Je veux une d\u00e9mo<\/span>\n\t\t\t\t\t\t\t\t\t\t\t\t\t<\/span>\n\t\t\t\t\t<\/button>\n\t\t\t\t<\/div>\n\t\t\t<\/div>\n\t\t<\/form>\n\t\t\t\t\t\t<\/div>\n\t\t\t\t<\/div>\n\t\t\t\t\t<\/div>\n\t\t\t\t<\/div>\n\t\t<div class=\"elementor-element elementor-element-54707a2 e-flex e-con-boxed e-con e-child\" data-id=\"54707a2\" data-element_type=\"container\" data-e-type=\"container\">\n\t\t\t\t\t<div class=\"e-con-inner\">\n\t\t<div class=\"elementor-element elementor-element-0950692 e-flex e-con-boxed e-con e-child\" data-id=\"0950692\" data-element_type=\"container\" data-e-type=\"container\">\n\t\t\t\t\t<div class=\"e-con-inner\">\n\t\t\t\t<div class=\"elementor-element elementor-element-9c3c4b2 elementor-widget elementor-widget-image\" data-id=\"9c3c4b2\" data-element_type=\"widget\" data-e-type=\"widget\" data-widget_type=\"image.default\">\n\t\t\t\t<div class=\"elementor-widget-container\">\n\t\t\t\t\t\t\t\t\t\t\t\t\t\t\t<img fetchpriority=\"high\" decoding=\"async\" width=\"800\" height=\"533\" src=\"https:\/\/crosstalent.com\/wp-content\/uploads\/2023\/12\/avis-dexpert-motivation-a4-mockup.jpg\" class=\"attachment-large size-large wp-image-19793\" alt=\"\" srcset=\"https:\/\/crosstalent.com\/wp-content\/uploads\/2023\/12\/avis-dexpert-motivation-a4-mockup.jpg 800w, https:\/\/crosstalent.com\/wp-content\/uploads\/2023\/12\/avis-dexpert-motivation-a4-mockup-300x200.jpg 300w, https:\/\/crosstalent.com\/wp-content\/uploads\/2023\/12\/avis-dexpert-motivation-a4-mockup-768x512.jpg 768w\" sizes=\"(max-width: 800px) 100vw, 800px\" \/>\t\t\t\t\t\t\t\t\t\t\t\t\t\t\t<\/div>\n\t\t\t\t<\/div>\n\t\t\t\t\t<\/div>\n\t\t\t\t<\/div>\n\t\t\t\t<div class=\"elementor-element elementor-element-8e27583 elementor-widget elementor-widget-text-editor\" data-id=\"8e27583\" data-element_type=\"widget\" data-e-type=\"widget\" data-widget_type=\"text-editor.default\">\n\t\t\t\t<div class=\"elementor-widget-container\">\n\t\t\t\t\t\t\t\t\t<p>D\u2019apr\u00e8s un sondage de l\u2019institut IFOP pour la Fondation Jean Jaur\u00e8s paru en novembre 2022, la crise sanitaire a eu un impact non n\u00e9gligeable sur la motivation au travail (<strong>37% se disent moins motiv\u00e9s<\/strong>).<\/p><p>L\u2019\u00e9panouissement professionnel et la performance au travail sont des objectifs universels pour de nombreuses personnes. Cependant, la <strong>motivation au travail<\/strong>, qui joue un r\u00f4le fondamental dans la r\u00e9alisation de ces aspirations, <strong>peut parfois se r\u00e9v\u00e9ler complexe \u00e0 comprendre et \u00e0 cultiver<\/strong>.<\/p><p>De la th\u00e9orie \u00e0 la pratique, nous vous donnons quelques cl\u00e9s pour am\u00e9liorer la performance et l\u2019\u00e9panouissement professionnel de vos collaborateurs. T\u00e9l\u00e9chargez-le sans attendre\u2026<\/p>\t\t\t\t\t\t\t\t<\/div>\n\t\t\t\t<\/div>\n\t\t\t\t\t<\/div>\n\t\t\t\t<\/div>\n\t\t\t\t\t<\/div>\n\t\t\t\t<\/div>\n\t\t\t\t<\/div>\n\t\t","protected":false},"excerpt":{"rendered":"<p>Motivation au travail : De la th\u00e9orie au passage \u00e0 l\u2019action : quelles sont les cl\u00e9s de la performance et de l\u2019\u00e9panouissement professionnel ? D\u2019apr\u00e8s un sondage de l\u2019institut IFOP pour la Fondation Jean Jaur\u00e8s paru en novembre 2022, la crise sanitaire a eu un impact non n\u00e9gligeable sur la motivation au travail (37% se [&hellip;]<\/p>\n","protected":false},"author":16,"featured_media":0,"parent":0,"menu_order":0,"comment_status":"closed","ping_status":"closed","template":"","meta":{"inline_featured_image":false,"footnotes":""},"class_list":["post-19792","page","type-page","status-publish","hentry"],"yoast_head":"<!-- This site is optimized with the Yoast SEO plugin v27.1.1 - https:\/\/yoast.com\/product\/yoast-seo-wordpress\/ -->\n<title>T\u00e9l\u00e9chargez notre avis d\u2019expert sur la motivation au travail<\/title>\n<meta name=\"description\" content=\"T\u00e9l\u00e9chargez notre avis d\u2019expert pour b\u00e9n\u00e9ficier des bons conseils en mati\u00e8re de motivation de vos collaborateurs et mieux fid\u00e9liser vos talents\" \/>\n<meta name=\"robots\" content=\"index, follow, max-snippet:-1, max-image-preview:large, max-video-preview:-1\" \/>\n<link rel=\"canonical\" href=\"https:\/\/crosstalent.com\/fr\/lp-avis-expert-motivation\/\" \/>\n<meta property=\"og:locale\" content=\"fr_FR\" \/>\n<meta property=\"og:type\" content=\"article\" \/>\n<meta property=\"og:title\" content=\"T\u00e9l\u00e9chargez notre avis d\u2019expert sur la motivation au travail\" \/>\n<meta property=\"og:description\" content=\"T\u00e9l\u00e9chargez notre avis d\u2019expert pour b\u00e9n\u00e9ficier des bons conseils en mati\u00e8re de motivation de vos collaborateurs et mieux fid\u00e9liser vos talents\" \/>\n<meta property=\"og:url\" content=\"https:\/\/crosstalent.com\/fr\/lp-avis-expert-motivation\/\" \/>\n<meta property=\"og:site_name\" content=\"Crosstalent\" \/>\n<meta property=\"article:modified_time\" content=\"2023-12-18T10:00:53+00:00\" \/>\n<meta property=\"og:image\" content=\"https:\/\/crosstalent.com\/wp-content\/uploads\/2023\/12\/crosstalent-ogimage.jpg\" \/>\n<meta name=\"twitter:card\" content=\"summary_large_image\" \/>\n<meta name=\"twitter:site\" content=\"@CrossTalent_FR\" \/>\n<meta name=\"twitter:label1\" content=\"Dur\u00e9e de lecture estim\u00e9e\" \/>\n\t<meta name=\"twitter:data1\" content=\"2 minutes\" \/>\n<script type=\"application\/ld+json\" class=\"yoast-schema-graph\">{\"@context\":\"https:\/\/schema.org\",\"@graph\":[{\"@type\":\"WebPage\",\"@id\":\"https:\/\/crosstalent.com\/fr\/lp-avis-expert-motivation\/\",\"url\":\"https:\/\/crosstalent.com\/fr\/lp-avis-expert-motivation\/\",\"name\":\"T\u00e9l\u00e9chargez notre avis d\u2019expert sur la motivation au travail\",\"isPartOf\":{\"@id\":\"https:\/\/crosstalent.com\/fr\/#website\"},\"primaryImageOfPage\":{\"@id\":\"https:\/\/crosstalent.com\/fr\/lp-avis-expert-motivation\/#primaryimage\"},\"image\":{\"@id\":\"https:\/\/crosstalent.com\/fr\/lp-avis-expert-motivation\/#primaryimage\"},\"thumbnailUrl\":\"https:\/\/crosstalent.com\/wp-content\/uploads\/2023\/12\/avis-dexpert-motivation-a4-mockup.jpg\",\"datePublished\":\"2023-12-15T19:15:28+00:00\",\"dateModified\":\"2023-12-18T10:00:53+00:00\",\"description\":\"T\u00e9l\u00e9chargez notre avis d\u2019expert pour b\u00e9n\u00e9ficier des bons conseils en mati\u00e8re de motivation de vos collaborateurs et mieux fid\u00e9liser vos talents\",\"breadcrumb\":{\"@id\":\"https:\/\/crosstalent.com\/fr\/lp-avis-expert-motivation\/#breadcrumb\"},\"inLanguage\":\"fr-FR\",\"potentialAction\":[{\"@type\":\"ReadAction\",\"target\":[\"https:\/\/crosstalent.com\/fr\/lp-avis-expert-motivation\/\"]}]},{\"@type\":\"ImageObject\",\"inLanguage\":\"fr-FR\",\"@id\":\"https:\/\/crosstalent.com\/fr\/lp-avis-expert-motivation\/#primaryimage\",\"url\":\"https:\/\/crosstalent.com\/wp-content\/uploads\/2023\/12\/avis-dexpert-motivation-a4-mockup.jpg\",\"contentUrl\":\"https:\/\/crosstalent.com\/wp-content\/uploads\/2023\/12\/avis-dexpert-motivation-a4-mockup.jpg\"},{\"@type\":\"BreadcrumbList\",\"@id\":\"https:\/\/crosstalent.com\/fr\/lp-avis-expert-motivation\/#breadcrumb\",\"itemListElement\":[{\"@type\":\"ListItem\",\"position\":1,\"name\":\"Accueil\",\"item\":\"https:\/\/crosstalent.com\/fr\/\"},{\"@type\":\"ListItem\",\"position\":2,\"name\":\"Landing Page &#8211; Avis d&rsquo;expert &#8211; Motivation\"}]},{\"@type\":\"WebSite\",\"@id\":\"https:\/\/crosstalent.com\/fr\/#website\",\"url\":\"https:\/\/crosstalent.com\/fr\/\",\"name\":\"Crosstalent\",\"description\":\"Solutions RH &amp; de Gestions d&#039;affaires innovantes en mode SaaS\",\"publisher\":{\"@id\":\"https:\/\/crosstalent.com\/fr\/#organization\"},\"potentialAction\":[{\"@type\":\"SearchAction\",\"target\":{\"@type\":\"EntryPoint\",\"urlTemplate\":\"https:\/\/crosstalent.com\/fr\/?s={search_term_string}\"},\"query-input\":{\"@type\":\"PropertyValueSpecification\",\"valueRequired\":true,\"valueName\":\"search_term_string\"}}],\"inLanguage\":\"fr-FR\"},{\"@type\":\"Organization\",\"@id\":\"https:\/\/crosstalent.com\/fr\/#organization\",\"name\":\"Crosstalent\",\"url\":\"https:\/\/crosstalent.com\/fr\/\",\"logo\":{\"@type\":\"ImageObject\",\"inLanguage\":\"fr-FR\",\"@id\":\"https:\/\/crosstalent.com\/fr\/#\/schema\/logo\/image\/\",\"url\":\"https:\/\/crosstalent.com\/wp-content\/uploads\/2023\/12\/crosstalent-logo.svg\",\"contentUrl\":\"https:\/\/crosstalent.com\/wp-content\/uploads\/2023\/12\/crosstalent-logo.svg\",\"width\":1,\"height\":1,\"caption\":\"Crosstalent\"},\"image\":{\"@id\":\"https:\/\/crosstalent.com\/fr\/#\/schema\/logo\/image\/\"},\"sameAs\":[\"https:\/\/x.com\/CrossTalent_FR\",\"https:\/\/linkedin.com\/company\/crosstalent\"]}]}<\/script>\n<!-- \/ Yoast SEO plugin. -->","yoast_head_json":{"title":"T\u00e9l\u00e9chargez notre avis d\u2019expert sur la motivation au travail","description":"T\u00e9l\u00e9chargez notre avis d\u2019expert pour b\u00e9n\u00e9ficier des bons conseils en mati\u00e8re de motivation de vos collaborateurs et mieux fid\u00e9liser vos talents","robots":{"index":"index","follow":"follow","max-snippet":"max-snippet:-1","max-image-preview":"max-image-preview:large","max-video-preview":"max-video-preview:-1"},"canonical":"https:\/\/crosstalent.com\/fr\/lp-avis-expert-motivation\/","og_locale":"fr_FR","og_type":"article","og_title":"T\u00e9l\u00e9chargez notre avis d\u2019expert sur la motivation au travail","og_description":"T\u00e9l\u00e9chargez notre avis d\u2019expert pour b\u00e9n\u00e9ficier des bons conseils en mati\u00e8re de motivation de vos collaborateurs et mieux fid\u00e9liser vos talents","og_url":"https:\/\/crosstalent.com\/fr\/lp-avis-expert-motivation\/","og_site_name":"Crosstalent","article_modified_time":"2023-12-18T10:00:53+00:00","og_image":[{"url":"https:\/\/crosstalent.com\/wp-content\/uploads\/2023\/12\/crosstalent-ogimage.jpg","type":"","width":"","height":""}],"twitter_card":"summary_large_image","twitter_site":"@CrossTalent_FR","twitter_misc":{"Dur\u00e9e de lecture estim\u00e9e":"2 minutes"},"schema":{"@context":"https:\/\/schema.org","@graph":[{"@type":"WebPage","@id":"https:\/\/crosstalent.com\/fr\/lp-avis-expert-motivation\/","url":"https:\/\/crosstalent.com\/fr\/lp-avis-expert-motivation\/","name":"T\u00e9l\u00e9chargez notre avis d\u2019expert sur la motivation au travail","isPartOf":{"@id":"https:\/\/crosstalent.com\/fr\/#website"},"primaryImageOfPage":{"@id":"https:\/\/crosstalent.com\/fr\/lp-avis-expert-motivation\/#primaryimage"},"image":{"@id":"https:\/\/crosstalent.com\/fr\/lp-avis-expert-motivation\/#primaryimage"},"thumbnailUrl":"https:\/\/crosstalent.com\/wp-content\/uploads\/2023\/12\/avis-dexpert-motivation-a4-mockup.jpg","datePublished":"2023-12-15T19:15:28+00:00","dateModified":"2023-12-18T10:00:53+00:00","description":"T\u00e9l\u00e9chargez notre avis d\u2019expert pour b\u00e9n\u00e9ficier des bons conseils en mati\u00e8re de motivation de vos collaborateurs et mieux fid\u00e9liser vos talents","breadcrumb":{"@id":"https:\/\/crosstalent.com\/fr\/lp-avis-expert-motivation\/#breadcrumb"},"inLanguage":"fr-FR","potentialAction":[{"@type":"ReadAction","target":["https:\/\/crosstalent.com\/fr\/lp-avis-expert-motivation\/"]}]},{"@type":"ImageObject","inLanguage":"fr-FR","@id":"https:\/\/crosstalent.com\/fr\/lp-avis-expert-motivation\/#primaryimage","url":"https:\/\/crosstalent.com\/wp-content\/uploads\/2023\/12\/avis-dexpert-motivation-a4-mockup.jpg","contentUrl":"https:\/\/crosstalent.com\/wp-content\/uploads\/2023\/12\/avis-dexpert-motivation-a4-mockup.jpg"},{"@type":"BreadcrumbList","@id":"https:\/\/crosstalent.com\/fr\/lp-avis-expert-motivation\/#breadcrumb","itemListElement":[{"@type":"ListItem","position":1,"name":"Accueil","item":"https:\/\/crosstalent.com\/fr\/"},{"@type":"ListItem","position":2,"name":"Landing Page &#8211; Avis d&rsquo;expert &#8211; Motivation"}]},{"@type":"WebSite","@id":"https:\/\/crosstalent.com\/fr\/#website","url":"https:\/\/crosstalent.com\/fr\/","name":"Crosstalent","description":"Solutions RH &amp; de Gestions d&#039;affaires innovantes en mode SaaS","publisher":{"@id":"https:\/\/crosstalent.com\/fr\/#organization"},"potentialAction":[{"@type":"SearchAction","target":{"@type":"EntryPoint","urlTemplate":"https:\/\/crosstalent.com\/fr\/?s={search_term_string}"},"query-input":{"@type":"PropertyValueSpecification","valueRequired":true,"valueName":"search_term_string"}}],"inLanguage":"fr-FR"},{"@type":"Organization","@id":"https:\/\/crosstalent.com\/fr\/#organization","name":"Crosstalent","url":"https:\/\/crosstalent.com\/fr\/","logo":{"@type":"ImageObject","inLanguage":"fr-FR","@id":"https:\/\/crosstalent.com\/fr\/#\/schema\/logo\/image\/","url":"https:\/\/crosstalent.com\/wp-content\/uploads\/2023\/12\/crosstalent-logo.svg","contentUrl":"https:\/\/crosstalent.com\/wp-content\/uploads\/2023\/12\/crosstalent-logo.svg","width":1,"height":1,"caption":"Crosstalent"},"image":{"@id":"https:\/\/crosstalent.com\/fr\/#\/schema\/logo\/image\/"},"sameAs":["https:\/\/x.com\/CrossTalent_FR","https:\/\/linkedin.com\/company\/crosstalent"]}]}},"_links":{"self":[{"href":"https:\/\/crosstalent.com\/fr\/wp-json\/wp\/v2\/pages\/19792","targetHints":{"allow":["GET"]}}],"collection":[{"href":"https:\/\/crosstalent.com\/fr\/wp-json\/wp\/v2\/pages"}],"about":[{"href":"https:\/\/crosstalent.com\/fr\/wp-json\/wp\/v2\/types\/page"}],"author":[{"embeddable":true,"href":"https:\/\/crosstalent.com\/fr\/wp-json\/wp\/v2\/users\/16"}],"replies":[{"embeddable":true,"href":"https:\/\/crosstalent.com\/fr\/wp-json\/wp\/v2\/comments?post=19792"}],"version-history":[{"count":0,"href":"https:\/\/crosstalent.com\/fr\/wp-json\/wp\/v2\/pages\/19792\/revisions"}],"wp:attachment":[{"href":"https:\/\/crosstalent.com\/fr\/wp-json\/wp\/v2\/media?parent=19792"}],"curies":[{"name":"wp","href":"https:\/\/api.w.org\/{rel}","templated":true}]}}