{"id":19822,"date":"2023-12-17T18:04:14","date_gmt":"2023-12-17T17:04:14","guid":{"rendered":"https:\/\/crosstalent.com\/?page_id=19822"},"modified":"2023-12-18T17:43:45","modified_gmt":"2023-12-18T16:43:45","slug":"lp-avis-expert-recrutement","status":"publish","type":"page","link":"https:\/\/crosstalent.com\/fr\/lp-avis-expert-recrutement\/","title":{"rendered":"Landing page : Avis d&rsquo;expert Recrutement"},"content":{"rendered":"\t\t<div data-elementor-type=\"wp-page\" data-elementor-id=\"19822\" class=\"elementor elementor-19822\" data-elementor-post-type=\"page\">\n\t\t\t\t<div class=\"elementor-element elementor-element-3ec5f75 e-flex e-con-boxed e-con e-parent\" data-id=\"3ec5f75\" data-element_type=\"container\" data-e-type=\"container\">\n\t\t\t\t\t<div class=\"e-con-inner\">\n\t\t<div class=\"elementor-element elementor-element-af0356c e-flex e-con-boxed e-con e-child\" data-id=\"af0356c\" data-element_type=\"container\" data-e-type=\"container\">\n\t\t\t\t\t<div class=\"e-con-inner\">\n\t\t\t\t<div class=\"elementor-element elementor-element-3a2fb75 elementor-widget elementor-widget-heading\" data-id=\"3a2fb75\" data-element_type=\"widget\" data-e-type=\"widget\" data-widget_type=\"heading.default\">\n\t\t\t\t<div class=\"elementor-widget-container\">\n\t\t\t\t\t<h1 class=\"elementor-heading-title elementor-size-default\">Inbound Recruiting<\/h1>\t\t\t\t<\/div>\n\t\t\t\t<\/div>\n\t\t\t\t<div class=\"elementor-element elementor-element-cfc21d9 elementor-widget elementor-widget-heading\" data-id=\"cfc21d9\" data-element_type=\"widget\" data-e-type=\"widget\" data-widget_type=\"heading.default\">\n\t\t\t\t<div class=\"elementor-widget-container\">\n\t\t\t\t\t<h2 class=\"elementor-heading-title elementor-size-default\">Utilisez la m\u00e9thode des soci\u00e9t\u00e9s en hypercroissance pour dynamiser vos recrutements<\/h2>\t\t\t\t<\/div>\n\t\t\t\t<\/div>\n\t\t\t\t<div class=\"elementor-element elementor-element-fa6f48f elementor-widget elementor-widget-html\" data-id=\"fa6f48f\" data-element_type=\"widget\" data-e-type=\"widget\" data-widget_type=\"html.default\">\n\t\t\t\t<div class=\"elementor-widget-container\">\n\t\t\t\t\t<script type=\"text\/javascript\" src=\"\/\/info.crosstalent.eu\/form\/generate.js?id=11\"><\/script>\n\t\t\t\t<\/div>\n\t\t\t\t<\/div>\n\t\t\t\t<div class=\"elementor-element elementor-element-cfc422f elementor-hidden-desktop elementor-hidden-tablet elementor-hidden-mobile elementor-button-align-stretch elementor-widget elementor-widget-form\" data-id=\"cfc422f\" data-element_type=\"widget\" data-e-type=\"widget\" data-settings=\"{&quot;step_next_label&quot;:&quot;Next&quot;,&quot;step_previous_label&quot;:&quot;Previous&quot;,&quot;button_width&quot;:&quot;100&quot;,&quot;step_type&quot;:&quot;number_text&quot;,&quot;step_icon_shape&quot;:&quot;circle&quot;}\" data-widget_type=\"form.default\">\n\t\t\t\t<div class=\"elementor-widget-container\">\n\t\t\t\t\t\t\t<form class=\"elementor-form\" method=\"post\" name=\"New Form\" aria-label=\"New Form\">\n\t\t\t<input type=\"hidden\" name=\"post_id\" value=\"19822\"\/>\n\t\t\t<input type=\"hidden\" name=\"form_id\" value=\"cfc422f\"\/>\n\t\t\t<input type=\"hidden\" name=\"referer_title\" value=\"T\u00e9l\u00e9chargez notre avis d\u2019expert sur l&#039;inbound Recruiting\" \/>\n\n\t\t\t\t\t\t\t<input type=\"hidden\" name=\"queried_id\" value=\"19822\"\/>\n\t\t\t\n\t\t\t<div class=\"elementor-form-fields-wrapper elementor-labels-above\">\n\t\t\t\t\t\t\t\t<div class=\"elementor-field-type-text elementor-field-group elementor-column elementor-field-group-name elementor-col-50 elementor-field-required\">\n\t\t\t\t\t\t\t\t\t\t\t\t<label for=\"form-field-name\" class=\"elementor-field-label\">\n\t\t\t\t\t\t\t\tFirst Name*\t\t\t\t\t\t\t<\/label>\n\t\t\t\t\t\t\t\t\t\t\t\t\t\t<input size=\"1\" type=\"text\" name=\"form_fields[name]\" id=\"form-field-name\" class=\"elementor-field elementor-size-sm  elementor-field-textual\" placeholder=\"First Name\" required=\"required\">\n\t\t\t\t\t\t\t\t\t\t\t<\/div>\n\t\t\t\t\t\t\t\t<div class=\"elementor-field-type-text elementor-field-group elementor-column elementor-field-group-field_d46da36 elementor-col-50 elementor-field-required\">\n\t\t\t\t\t\t\t\t\t\t\t\t<label for=\"form-field-field_d46da36\" class=\"elementor-field-label\">\n\t\t\t\t\t\t\t\tLast Name*\t\t\t\t\t\t\t<\/label>\n\t\t\t\t\t\t\t\t\t\t\t\t\t\t<input size=\"1\" type=\"text\" name=\"form_fields[field_d46da36]\" id=\"form-field-field_d46da36\" class=\"elementor-field elementor-size-sm  elementor-field-textual\" placeholder=\"Last Name\" required=\"required\">\n\t\t\t\t\t\t\t\t\t\t\t<\/div>\n\t\t\t\t\t\t\t\t<div class=\"elementor-field-type-email elementor-field-group elementor-column elementor-field-group-email elementor-col-50 elementor-field-required\">\n\t\t\t\t\t\t\t\t\t\t\t\t<label for=\"form-field-email\" class=\"elementor-field-label\">\n\t\t\t\t\t\t\t\tEmail*\t\t\t\t\t\t\t<\/label>\n\t\t\t\t\t\t\t\t\t\t\t\t\t\t<input size=\"1\" type=\"email\" name=\"form_fields[email]\" id=\"form-field-email\" class=\"elementor-field elementor-size-sm  elementor-field-textual\" placeholder=\"Email\" required=\"required\">\n\t\t\t\t\t\t\t\t\t\t\t<\/div>\n\t\t\t\t\t\t\t\t<div class=\"elementor-field-type-tel elementor-field-group elementor-column elementor-field-group-field_4925833 elementor-col-50 elementor-field-required\">\n\t\t\t\t\t\t\t\t\t\t\t\t<label for=\"form-field-field_4925833\" class=\"elementor-field-label\">\n\t\t\t\t\t\t\t\tPhone Number*\t\t\t\t\t\t\t<\/label>\n\t\t\t\t\t\t\t\t<input size=\"1\" type=\"tel\" name=\"form_fields[field_4925833]\" id=\"form-field-field_4925833\" class=\"elementor-field elementor-size-sm  elementor-field-textual\" placeholder=\"Phone Number\" required=\"required\" pattern=\"[0-9()#&amp;+*-=.]+\" title=\"Seuls les caract\u00e8res de num\u00e9ros de t\u00e9l\u00e9phone (#, -, *, etc.) sont accept\u00e9s.\">\n\n\t\t\t\t\t\t<\/div>\n\t\t\t\t\t\t\t\t<div class=\"elementor-field-type-text elementor-field-group elementor-column elementor-field-group-field_59fef1a elementor-col-50\">\n\t\t\t\t\t\t\t\t\t\t\t\t<label for=\"form-field-field_59fef1a\" class=\"elementor-field-label\">\n\t\t\t\t\t\t\t\tCompany*\t\t\t\t\t\t\t<\/label>\n\t\t\t\t\t\t\t\t\t\t\t\t\t\t<input size=\"1\" type=\"text\" name=\"form_fields[field_59fef1a]\" id=\"form-field-field_59fef1a\" class=\"elementor-field elementor-size-sm  elementor-field-textual\" placeholder=\"Company\">\n\t\t\t\t\t\t\t\t\t\t\t<\/div>\n\t\t\t\t\t\t\t\t<div class=\"elementor-field-type-text elementor-field-group elementor-column elementor-field-group-field_529a81a elementor-col-50\">\n\t\t\t\t\t\t\t\t\t\t\t\t<label for=\"form-field-field_529a81a\" class=\"elementor-field-label\">\n\t\t\t\t\t\t\t\tRole*\t\t\t\t\t\t\t<\/label>\n\t\t\t\t\t\t\t\t\t\t\t\t\t\t<input size=\"1\" type=\"text\" name=\"form_fields[field_529a81a]\" id=\"form-field-field_529a81a\" class=\"elementor-field elementor-size-sm  elementor-field-textual\" placeholder=\"Role\">\n\t\t\t\t\t\t\t\t\t\t\t<\/div>\n\t\t\t\t\t\t\t\t<div class=\"elementor-field-type-checkbox elementor-field-group elementor-column elementor-field-group-field_865bd61 elementor-col-100\">\n\t\t\t\t\t<div class=\"elementor-field-subgroup  elementor-subgroup-inline\"><span class=\"elementor-field-option\"><input type=\"checkbox\" value=\"J&#039;accepte que mes donn\u00e9es soient utilis\u00e9es pour des communications marketing, dans le cadre de la demande de d\u00e9mo, ou pour la relation commerciale qui pourrait en r\u00e9sulter. Pour en savoir plus, consultez notre page Politique de confidentialit\u00e9.\" id=\"form-field-field_865bd61-0\" name=\"form_fields[field_865bd61]\"> <label for=\"form-field-field_865bd61-0\">J'accepte que mes donn\u00e9es soient utilis\u00e9es pour des communications marketing, dans le cadre de la demande de d\u00e9mo, ou pour la relation commerciale qui pourrait en r\u00e9sulter. Pour en savoir plus, consultez notre page Politique de confidentialit\u00e9.<\/label><\/span><\/div>\t\t\t\t<\/div>\n\t\t\t\t\t\t\t\t<div class=\"elementor-field-type-textarea elementor-field-group elementor-column elementor-field-group-message elementor-col-100 elementor-field-required\">\n\t\t\t\t\t\t\t\t\t\t\t\t<label for=\"form-field-message\" class=\"elementor-field-label\">\n\t\t\t\t\t\t\t\tMessage*\t\t\t\t\t\t\t<\/label>\n\t\t\t\t\t\t<textarea class=\"elementor-field-textual elementor-field  elementor-size-sm\" name=\"form_fields[message]\" id=\"form-field-message\" rows=\"4\" placeholder=\"Message\" required=\"required\"><\/textarea>\t\t\t\t<\/div>\n\t\t\t\t\t\t\t\t<div class=\"elementor-field-group elementor-column elementor-field-type-submit elementor-col-100 e-form__buttons\">\n\t\t\t\t\t<button class=\"elementor-button elementor-size-sm\" type=\"submit\">\n\t\t\t\t\t\t<span class=\"elementor-button-content-wrapper\">\n\t\t\t\t\t\t\t\t\t\t\t\t\t\t\t<span class=\"elementor-button-icon\">\n\t\t\t\t\t\t\t\t\t<i aria-hidden=\"true\" class=\"far fa-arrow-right\"><\/i>\t\t\t\t\t\t\t\t\t\t\t\t\t\t\t\t\t<\/span>\n\t\t\t\t\t\t\t\t\t\t\t\t\t\t\t\t\t\t\t\t\t\t<span class=\"elementor-button-text\">Je veux une d\u00e9mo<\/span>\n\t\t\t\t\t\t\t\t\t\t\t\t\t<\/span>\n\t\t\t\t\t<\/button>\n\t\t\t\t<\/div>\n\t\t\t<\/div>\n\t\t<\/form>\n\t\t\t\t\t\t<\/div>\n\t\t\t\t<\/div>\n\t\t\t\t\t<\/div>\n\t\t\t\t<\/div>\n\t\t<div class=\"elementor-element elementor-element-54707a2 e-flex e-con-boxed e-con e-child\" data-id=\"54707a2\" data-element_type=\"container\" data-e-type=\"container\">\n\t\t\t\t\t<div class=\"e-con-inner\">\n\t\t<div class=\"elementor-element elementor-element-0950692 e-flex e-con-boxed e-con e-child\" data-id=\"0950692\" data-element_type=\"container\" data-e-type=\"container\">\n\t\t\t\t\t<div class=\"e-con-inner\">\n\t\t\t\t<div class=\"elementor-element elementor-element-9c3c4b2 elementor-widget elementor-widget-image\" data-id=\"9c3c4b2\" data-element_type=\"widget\" data-e-type=\"widget\" data-widget_type=\"image.default\">\n\t\t\t\t<div class=\"elementor-widget-container\">\n\t\t\t\t\t\t\t\t\t\t\t\t\t\t\t<img fetchpriority=\"high\" decoding=\"async\" width=\"800\" height=\"550\" src=\"https:\/\/crosstalent.com\/wp-content\/uploads\/2023\/12\/mockup_ae1-crosstalent-recrutement-002-1024x704.png\" class=\"attachment-large size-large wp-image-19823\" alt=\"\" srcset=\"https:\/\/crosstalent.com\/wp-content\/uploads\/2023\/12\/mockup_ae1-crosstalent-recrutement-002-1024x704.png 1024w, https:\/\/crosstalent.com\/wp-content\/uploads\/2023\/12\/mockup_ae1-crosstalent-recrutement-002-300x206.png 300w, https:\/\/crosstalent.com\/wp-content\/uploads\/2023\/12\/mockup_ae1-crosstalent-recrutement-002-768x528.png 768w, https:\/\/crosstalent.com\/wp-content\/uploads\/2023\/12\/mockup_ae1-crosstalent-recrutement-002-1536x1056.png 1536w, https:\/\/crosstalent.com\/wp-content\/uploads\/2023\/12\/mockup_ae1-crosstalent-recrutement-002.png 1687w\" sizes=\"(max-width: 800px) 100vw, 800px\" \/>\t\t\t\t\t\t\t\t\t\t\t\t\t\t\t<\/div>\n\t\t\t\t<\/div>\n\t\t\t\t\t<\/div>\n\t\t\t\t<\/div>\n\t\t\t\t<div class=\"elementor-element elementor-element-8e27583 elementor-widget elementor-widget-text-editor\" data-id=\"8e27583\" data-element_type=\"widget\" data-e-type=\"widget\" data-widget_type=\"text-editor.default\">\n\t\t\t\t<div class=\"elementor-widget-container\">\n\t\t\t\t\t\t\t\t\t<p>Recruter est devenu un vrai casse-t\u00eate\u00a0aujourd\u2019hui\u00a0! 84% des dirigeants jugent que les difficult\u00e9s de recrutement sont d\u00e9sormais un risque important pour leur organisation.<\/p><p>Pourtant, certaines soci\u00e9t\u00e9s en \u00ab\u00a0hypercroissance\u00a0\u00bb semblent ne pas conna\u00eetre ces difficult\u00e9s et arrivent m\u00eame \u00e0 doubler leurs effectifs en un temps record\u2026 Quels sont leurs secrets\u00a0? Quelles m\u00e9thodes utilisent-elles\u00a0? C\u2019est ce que nous avons voulu savoir\u2026<\/p><p>T\u00e9l\u00e9chargez notre avis d\u2019expert sur l\u2019Inbound Recruiting et d\u00e9couvrez des pratiques concr\u00e8tes pour booster vos campagnes de recrutement !<\/p>\t\t\t\t\t\t\t\t<\/div>\n\t\t\t\t<\/div>\n\t\t\t\t\t<\/div>\n\t\t\t\t<\/div>\n\t\t\t\t\t<\/div>\n\t\t\t\t<\/div>\n\t\t\t\t<\/div>\n\t\t","protected":false},"excerpt":{"rendered":"<p>Inbound Recruiting Utilisez la m\u00e9thode des soci\u00e9t\u00e9s en hypercroissance pour dynamiser vos recrutements Recruter est devenu un vrai casse-t\u00eate\u00a0aujourd\u2019hui\u00a0! 84% des dirigeants jugent que les difficult\u00e9s de recrutement sont d\u00e9sormais un risque important pour leur organisation. Pourtant, certaines soci\u00e9t\u00e9s en \u00ab\u00a0hypercroissance\u00a0\u00bb semblent ne pas conna\u00eetre ces difficult\u00e9s et arrivent m\u00eame \u00e0 doubler leurs effectifs en [&hellip;]<\/p>\n","protected":false},"author":15,"featured_media":0,"parent":0,"menu_order":0,"comment_status":"closed","ping_status":"closed","template":"","meta":{"inline_featured_image":false,"footnotes":""},"class_list":["post-19822","page","type-page","status-publish","hentry"],"yoast_head":"<!-- This site is optimized with the Yoast SEO plugin v27.5 - https:\/\/yoast.com\/product\/yoast-seo-wordpress\/ -->\n<title>T\u00e9l\u00e9chargez notre avis d\u2019expert sur l&#039;inbound Recruiting<\/title>\n<meta name=\"description\" content=\"T\u00e9l\u00e9chargez notre avis d\u2019expert pour booster vos campagnes de recrutement en vous inspirant des bonnes pratiques de recrutement des soci\u00e9t\u00e9s en hypercroissance\" \/>\n<meta name=\"robots\" content=\"index, follow, max-snippet:-1, max-image-preview:large, max-video-preview:-1\" \/>\n<link rel=\"canonical\" href=\"https:\/\/crosstalent.com\/fr\/lp-avis-expert-recrutement\/\" \/>\n<meta property=\"og:locale\" content=\"fr_FR\" \/>\n<meta property=\"og:type\" content=\"article\" \/>\n<meta property=\"og:title\" content=\"T\u00e9l\u00e9chargez notre avis d\u2019expert sur l&#039;inbound Recruiting\" \/>\n<meta property=\"og:description\" content=\"T\u00e9l\u00e9chargez notre avis d\u2019expert pour booster vos campagnes de recrutement en vous inspirant des bonnes pratiques de recrutement des soci\u00e9t\u00e9s en hypercroissance\" \/>\n<meta property=\"og:url\" content=\"https:\/\/crosstalent.com\/fr\/lp-avis-expert-recrutement\/\" \/>\n<meta property=\"og:site_name\" content=\"Crosstalent\" \/>\n<meta property=\"article:modified_time\" content=\"2023-12-18T16:43:45+00:00\" \/>\n<meta property=\"og:image\" content=\"https:\/\/crosstalent.com\/wp-content\/uploads\/2023\/12\/crosstalent-ogimage.jpg\" \/>\n<meta name=\"twitter:card\" content=\"summary_large_image\" \/>\n<meta name=\"twitter:site\" content=\"@CrossTalent_FR\" \/>\n<meta name=\"twitter:label1\" content=\"Dur\u00e9e de lecture estim\u00e9e\" \/>\n\t<meta name=\"twitter:data1\" content=\"1 minute\" \/>\n<script type=\"application\/ld+json\" class=\"yoast-schema-graph\">{\"@context\":\"https:\\\/\\\/schema.org\",\"@graph\":[{\"@type\":\"WebPage\",\"@id\":\"https:\\\/\\\/crosstalent.com\\\/fr\\\/lp-avis-expert-recrutement\\\/\",\"url\":\"https:\\\/\\\/crosstalent.com\\\/fr\\\/lp-avis-expert-recrutement\\\/\",\"name\":\"T\u00e9l\u00e9chargez notre avis d\u2019expert sur l'inbound Recruiting\",\"isPartOf\":{\"@id\":\"https:\\\/\\\/crosstalent.com\\\/fr\\\/#website\"},\"primaryImageOfPage\":{\"@id\":\"https:\\\/\\\/crosstalent.com\\\/fr\\\/lp-avis-expert-recrutement\\\/#primaryimage\"},\"image\":{\"@id\":\"https:\\\/\\\/crosstalent.com\\\/fr\\\/lp-avis-expert-recrutement\\\/#primaryimage\"},\"thumbnailUrl\":\"https:\\\/\\\/crosstalent.com\\\/wp-content\\\/uploads\\\/2023\\\/12\\\/mockup_ae1-crosstalent-recrutement-002-1024x704.png\",\"datePublished\":\"2023-12-17T17:04:14+00:00\",\"dateModified\":\"2023-12-18T16:43:45+00:00\",\"description\":\"T\u00e9l\u00e9chargez notre avis d\u2019expert pour booster vos campagnes de recrutement en vous inspirant des bonnes pratiques de recrutement des soci\u00e9t\u00e9s en hypercroissance\",\"breadcrumb\":{\"@id\":\"https:\\\/\\\/crosstalent.com\\\/fr\\\/lp-avis-expert-recrutement\\\/#breadcrumb\"},\"inLanguage\":\"fr-FR\",\"potentialAction\":[{\"@type\":\"ReadAction\",\"target\":[\"https:\\\/\\\/crosstalent.com\\\/fr\\\/lp-avis-expert-recrutement\\\/\"]}]},{\"@type\":\"ImageObject\",\"inLanguage\":\"fr-FR\",\"@id\":\"https:\\\/\\\/crosstalent.com\\\/fr\\\/lp-avis-expert-recrutement\\\/#primaryimage\",\"url\":\"https:\\\/\\\/crosstalent.com\\\/wp-content\\\/uploads\\\/2023\\\/12\\\/mockup_ae1-crosstalent-recrutement-002-1024x704.png\",\"contentUrl\":\"https:\\\/\\\/crosstalent.com\\\/wp-content\\\/uploads\\\/2023\\\/12\\\/mockup_ae1-crosstalent-recrutement-002-1024x704.png\"},{\"@type\":\"BreadcrumbList\",\"@id\":\"https:\\\/\\\/crosstalent.com\\\/fr\\\/lp-avis-expert-recrutement\\\/#breadcrumb\",\"itemListElement\":[{\"@type\":\"ListItem\",\"position\":1,\"name\":\"Accueil\",\"item\":\"https:\\\/\\\/crosstalent.com\\\/fr\\\/\"},{\"@type\":\"ListItem\",\"position\":2,\"name\":\"Landing page : Avis d&rsquo;expert Recrutement\"}]},{\"@type\":\"WebSite\",\"@id\":\"https:\\\/\\\/crosstalent.com\\\/fr\\\/#website\",\"url\":\"https:\\\/\\\/crosstalent.com\\\/fr\\\/\",\"name\":\"Crosstalent\",\"description\":\"Solutions RH &amp; de Gestions d&#039;affaires innovantes en mode SaaS\",\"publisher\":{\"@id\":\"https:\\\/\\\/crosstalent.com\\\/fr\\\/#organization\"},\"potentialAction\":[{\"@type\":\"SearchAction\",\"target\":{\"@type\":\"EntryPoint\",\"urlTemplate\":\"https:\\\/\\\/crosstalent.com\\\/fr\\\/?s={search_term_string}\"},\"query-input\":{\"@type\":\"PropertyValueSpecification\",\"valueRequired\":true,\"valueName\":\"search_term_string\"}}],\"inLanguage\":\"fr-FR\"},{\"@type\":\"Organization\",\"@id\":\"https:\\\/\\\/crosstalent.com\\\/fr\\\/#organization\",\"name\":\"Crosstalent\",\"url\":\"https:\\\/\\\/crosstalent.com\\\/fr\\\/\",\"logo\":{\"@type\":\"ImageObject\",\"inLanguage\":\"fr-FR\",\"@id\":\"https:\\\/\\\/crosstalent.com\\\/fr\\\/#\\\/schema\\\/logo\\\/image\\\/\",\"url\":\"https:\\\/\\\/crosstalent.com\\\/wp-content\\\/uploads\\\/2023\\\/12\\\/crosstalent-logo.svg\",\"contentUrl\":\"https:\\\/\\\/crosstalent.com\\\/wp-content\\\/uploads\\\/2023\\\/12\\\/crosstalent-logo.svg\",\"width\":1,\"height\":1,\"caption\":\"Crosstalent\"},\"image\":{\"@id\":\"https:\\\/\\\/crosstalent.com\\\/fr\\\/#\\\/schema\\\/logo\\\/image\\\/\"},\"sameAs\":[\"https:\\\/\\\/x.com\\\/CrossTalent_FR\",\"https:\\\/\\\/linkedin.com\\\/company\\\/crosstalent\"]}]}<\/script>\n<!-- \/ Yoast SEO plugin. -->","yoast_head_json":{"title":"T\u00e9l\u00e9chargez notre avis d\u2019expert sur l'inbound Recruiting","description":"T\u00e9l\u00e9chargez notre avis d\u2019expert pour booster vos campagnes de recrutement en vous inspirant des bonnes pratiques de recrutement des soci\u00e9t\u00e9s en hypercroissance","robots":{"index":"index","follow":"follow","max-snippet":"max-snippet:-1","max-image-preview":"max-image-preview:large","max-video-preview":"max-video-preview:-1"},"canonical":"https:\/\/crosstalent.com\/fr\/lp-avis-expert-recrutement\/","og_locale":"fr_FR","og_type":"article","og_title":"T\u00e9l\u00e9chargez notre avis d\u2019expert sur l'inbound Recruiting","og_description":"T\u00e9l\u00e9chargez notre avis d\u2019expert pour booster vos campagnes de recrutement en vous inspirant des bonnes pratiques de recrutement des soci\u00e9t\u00e9s en hypercroissance","og_url":"https:\/\/crosstalent.com\/fr\/lp-avis-expert-recrutement\/","og_site_name":"Crosstalent","article_modified_time":"2023-12-18T16:43:45+00:00","og_image":[{"url":"https:\/\/crosstalent.com\/wp-content\/uploads\/2023\/12\/crosstalent-ogimage.jpg","type":"","width":"","height":""}],"twitter_card":"summary_large_image","twitter_site":"@CrossTalent_FR","twitter_misc":{"Dur\u00e9e de lecture estim\u00e9e":"1 minute"},"schema":{"@context":"https:\/\/schema.org","@graph":[{"@type":"WebPage","@id":"https:\/\/crosstalent.com\/fr\/lp-avis-expert-recrutement\/","url":"https:\/\/crosstalent.com\/fr\/lp-avis-expert-recrutement\/","name":"T\u00e9l\u00e9chargez notre avis d\u2019expert sur l'inbound Recruiting","isPartOf":{"@id":"https:\/\/crosstalent.com\/fr\/#website"},"primaryImageOfPage":{"@id":"https:\/\/crosstalent.com\/fr\/lp-avis-expert-recrutement\/#primaryimage"},"image":{"@id":"https:\/\/crosstalent.com\/fr\/lp-avis-expert-recrutement\/#primaryimage"},"thumbnailUrl":"https:\/\/crosstalent.com\/wp-content\/uploads\/2023\/12\/mockup_ae1-crosstalent-recrutement-002-1024x704.png","datePublished":"2023-12-17T17:04:14+00:00","dateModified":"2023-12-18T16:43:45+00:00","description":"T\u00e9l\u00e9chargez notre avis d\u2019expert pour booster vos campagnes de recrutement en vous inspirant des bonnes pratiques de recrutement des soci\u00e9t\u00e9s en hypercroissance","breadcrumb":{"@id":"https:\/\/crosstalent.com\/fr\/lp-avis-expert-recrutement\/#breadcrumb"},"inLanguage":"fr-FR","potentialAction":[{"@type":"ReadAction","target":["https:\/\/crosstalent.com\/fr\/lp-avis-expert-recrutement\/"]}]},{"@type":"ImageObject","inLanguage":"fr-FR","@id":"https:\/\/crosstalent.com\/fr\/lp-avis-expert-recrutement\/#primaryimage","url":"https:\/\/crosstalent.com\/wp-content\/uploads\/2023\/12\/mockup_ae1-crosstalent-recrutement-002-1024x704.png","contentUrl":"https:\/\/crosstalent.com\/wp-content\/uploads\/2023\/12\/mockup_ae1-crosstalent-recrutement-002-1024x704.png"},{"@type":"BreadcrumbList","@id":"https:\/\/crosstalent.com\/fr\/lp-avis-expert-recrutement\/#breadcrumb","itemListElement":[{"@type":"ListItem","position":1,"name":"Accueil","item":"https:\/\/crosstalent.com\/fr\/"},{"@type":"ListItem","position":2,"name":"Landing page : Avis d&rsquo;expert Recrutement"}]},{"@type":"WebSite","@id":"https:\/\/crosstalent.com\/fr\/#website","url":"https:\/\/crosstalent.com\/fr\/","name":"Crosstalent","description":"Solutions RH &amp; de Gestions d&#039;affaires innovantes en mode SaaS","publisher":{"@id":"https:\/\/crosstalent.com\/fr\/#organization"},"potentialAction":[{"@type":"SearchAction","target":{"@type":"EntryPoint","urlTemplate":"https:\/\/crosstalent.com\/fr\/?s={search_term_string}"},"query-input":{"@type":"PropertyValueSpecification","valueRequired":true,"valueName":"search_term_string"}}],"inLanguage":"fr-FR"},{"@type":"Organization","@id":"https:\/\/crosstalent.com\/fr\/#organization","name":"Crosstalent","url":"https:\/\/crosstalent.com\/fr\/","logo":{"@type":"ImageObject","inLanguage":"fr-FR","@id":"https:\/\/crosstalent.com\/fr\/#\/schema\/logo\/image\/","url":"https:\/\/crosstalent.com\/wp-content\/uploads\/2023\/12\/crosstalent-logo.svg","contentUrl":"https:\/\/crosstalent.com\/wp-content\/uploads\/2023\/12\/crosstalent-logo.svg","width":1,"height":1,"caption":"Crosstalent"},"image":{"@id":"https:\/\/crosstalent.com\/fr\/#\/schema\/logo\/image\/"},"sameAs":["https:\/\/x.com\/CrossTalent_FR","https:\/\/linkedin.com\/company\/crosstalent"]}]}},"_links":{"self":[{"href":"https:\/\/crosstalent.com\/fr\/wp-json\/wp\/v2\/pages\/19822","targetHints":{"allow":["GET"]}}],"collection":[{"href":"https:\/\/crosstalent.com\/fr\/wp-json\/wp\/v2\/pages"}],"about":[{"href":"https:\/\/crosstalent.com\/fr\/wp-json\/wp\/v2\/types\/page"}],"author":[{"embeddable":true,"href":"https:\/\/crosstalent.com\/fr\/wp-json\/wp\/v2\/users\/15"}],"replies":[{"embeddable":true,"href":"https:\/\/crosstalent.com\/fr\/wp-json\/wp\/v2\/comments?post=19822"}],"version-history":[{"count":0,"href":"https:\/\/crosstalent.com\/fr\/wp-json\/wp\/v2\/pages\/19822\/revisions"}],"wp:attachment":[{"href":"https:\/\/crosstalent.com\/fr\/wp-json\/wp\/v2\/media?parent=19822"}],"curies":[{"name":"wp","href":"https:\/\/api.w.org\/{rel}","templated":true}]}}