{"id":20732,"date":"2025-01-27T15:01:12","date_gmt":"2025-01-27T14:01:12","guid":{"rendered":"https:\/\/crosstalent.com\/?page_id=20732"},"modified":"2025-07-02T04:48:09","modified_gmt":"2025-07-02T02:48:09","slug":"demo-gratuite-sea","status":"publish","type":"page","link":"https:\/\/crosstalent.com\/fr\/demo-gratuite-sea\/","title":{"rendered":"Remplissez le formulaire ci-dessous pour avoir une d\u00e9mo gratuite et personnalis\u00e9e"},"content":{"rendered":"\t\t<div data-elementor-type=\"wp-page\" data-elementor-id=\"20732\" class=\"elementor elementor-20732\" data-elementor-post-type=\"page\">\n\t\t\t\t<div class=\"elementor-element elementor-element-95d5497 e-flex e-con-boxed e-con e-parent\" data-id=\"95d5497\" data-element_type=\"container\" data-e-type=\"container\">\n\t\t\t\t\t<div class=\"e-con-inner\">\n\t\t<div class=\"elementor-element elementor-element-91c36d0 e-con-full e-flex e-con e-child\" data-id=\"91c36d0\" data-element_type=\"container\" data-e-type=\"container\">\n\t\t\t\t<div class=\"elementor-element elementor-element-a49d253 elementor-widget elementor-widget-heading\" data-id=\"a49d253\" data-element_type=\"widget\" data-e-type=\"widget\" data-widget_type=\"heading.default\">\n\t\t\t\t<div class=\"elementor-widget-container\">\n\t\t\t\t\t<h1 class=\"elementor-heading-title elementor-size-default\">Remplissez le formulaire ci-dessous pour avoir une d\u00e9mo gratuite et personnalis\u00e9e<\/h1>\t\t\t\t<\/div>\n\t\t\t\t<\/div>\n\t\t\t\t<div class=\"elementor-element elementor-element-9730aa3 elementor-widget elementor-widget-shortcode\" data-id=\"9730aa3\" data-element_type=\"widget\" data-e-type=\"widget\" data-widget_type=\"shortcode.default\">\n\t\t\t\t<div class=\"elementor-widget-container\">\n\t\t\t\t\t\t\t<div class=\"elementor-shortcode\"><script type=\"text\/javascript\" src=\"\/\/info.crosstalent.eu\/form\/generate.js?id=21\"><\/script><\/div>\n\t\t\t\t\t\t<\/div>\n\t\t\t\t<\/div>\n\t\t\t\t<\/div>\n\t\t<div class=\"elementor-element elementor-element-745520e e-con-full e-flex e-con e-child\" data-id=\"745520e\" data-element_type=\"container\" data-e-type=\"container\">\n\t\t\t\t<div class=\"elementor-element elementor-element-8cf1089 elementor-widget elementor-widget-image\" data-id=\"8cf1089\" data-element_type=\"widget\" data-e-type=\"widget\" data-widget_type=\"image.default\">\n\t\t\t\t<div class=\"elementor-widget-container\">\n\t\t\t\t\t\t\t\t\t\t\t\t\t\t\t<img fetchpriority=\"high\" decoding=\"async\" width=\"500\" height=\"422\" src=\"https:\/\/crosstalent.com\/wp-content\/uploads\/2024\/05\/crosstalent-capture-revision-salariale.png\" class=\"attachment-large size-large wp-image-20469\" alt=\"Remuneration Crosstalent\" srcset=\"https:\/\/crosstalent.com\/wp-content\/uploads\/2024\/05\/crosstalent-capture-revision-salariale.png 500w, https:\/\/crosstalent.com\/wp-content\/uploads\/2024\/05\/crosstalent-capture-revision-salariale-300x253.png 300w\" sizes=\"(max-width: 500px) 100vw, 500px\" \/>\t\t\t\t\t\t\t\t\t\t\t\t\t\t\t<\/div>\n\t\t\t\t<\/div>\n\t\t\t\t<\/div>\n\t\t\t\t\t<\/div>\n\t\t\t\t<\/div>\n\t\t\t\t<\/div>\n\t\t","protected":false},"excerpt":{"rendered":"<p>Remplissez le formulaire ci-dessous pour avoir une d\u00e9mo gratuite et personnalis\u00e9e<\/p>\n","protected":false},"author":15,"featured_media":0,"parent":0,"menu_order":0,"comment_status":"closed","ping_status":"closed","template":"","meta":{"inline_featured_image":false,"footnotes":""},"class_list":["post-20732","page","type-page","status-publish","hentry"],"yoast_head":"<!-- This site is optimized with the Yoast SEO plugin v27.4 - https:\/\/yoast.com\/product\/yoast-seo-wordpress\/ -->\n<title>Demande de D\u00e9mo Gratuite SEA | Solution RH Innovante<\/title>\n<meta name=\"description\" content=\"D\u00e9couvrez Crosstalent SEA : demandez une d\u00e9mo gratuite et optimisez la gestion RH de votre entreprise avec notre solution innovante.\" \/>\n<meta name=\"robots\" content=\"index, follow, max-snippet:-1, max-image-preview:large, max-video-preview:-1\" \/>\n<link rel=\"canonical\" href=\"https:\/\/crosstalent.com\/fr\/demo-gratuite-sea\/\" \/>\n<meta property=\"og:locale\" content=\"fr_FR\" \/>\n<meta property=\"og:type\" content=\"article\" \/>\n<meta property=\"og:title\" content=\"Demande de D\u00e9mo Gratuite SEA | Solution RH Innovante\" \/>\n<meta property=\"og:description\" content=\"D\u00e9couvrez Crosstalent SEA : demandez une d\u00e9mo gratuite et optimisez la gestion RH de votre entreprise avec notre solution innovante.\" \/>\n<meta property=\"og:url\" content=\"https:\/\/crosstalent.com\/fr\/demo-gratuite-sea\/\" \/>\n<meta property=\"og:site_name\" content=\"Crosstalent\" \/>\n<meta property=\"article:modified_time\" content=\"2025-07-02T02:48:09+00:00\" \/>\n<meta property=\"og:image\" content=\"https:\/\/crosstalent.com\/wp-content\/uploads\/2023\/12\/crosstalent-ogimage.jpg\" \/>\n<meta name=\"twitter:card\" content=\"summary_large_image\" \/>\n<meta name=\"twitter:site\" content=\"@CrossTalent_FR\" \/>\n<meta name=\"twitter:label1\" content=\"Dur\u00e9e de lecture estim\u00e9e\" \/>\n\t<meta name=\"twitter:data1\" content=\"1 minute\" \/>\n<script type=\"application\/ld+json\" class=\"yoast-schema-graph\">{\"@context\":\"https:\\\/\\\/schema.org\",\"@graph\":[{\"@type\":\"WebPage\",\"@id\":\"https:\\\/\\\/crosstalent.com\\\/fr\\\/demo-gratuite-sea\\\/\",\"url\":\"https:\\\/\\\/crosstalent.com\\\/fr\\\/demo-gratuite-sea\\\/\",\"name\":\"Demande de D\u00e9mo Gratuite SEA | Solution RH Innovante\",\"isPartOf\":{\"@id\":\"https:\\\/\\\/crosstalent.com\\\/fr\\\/#website\"},\"primaryImageOfPage\":{\"@id\":\"https:\\\/\\\/crosstalent.com\\\/fr\\\/demo-gratuite-sea\\\/#primaryimage\"},\"image\":{\"@id\":\"https:\\\/\\\/crosstalent.com\\\/fr\\\/demo-gratuite-sea\\\/#primaryimage\"},\"thumbnailUrl\":\"https:\\\/\\\/crosstalent.com\\\/wp-content\\\/uploads\\\/2024\\\/05\\\/crosstalent-capture-revision-salariale.png\",\"datePublished\":\"2025-01-27T14:01:12+00:00\",\"dateModified\":\"2025-07-02T02:48:09+00:00\",\"description\":\"D\u00e9couvrez Crosstalent SEA : demandez une d\u00e9mo gratuite et optimisez la gestion RH de votre entreprise avec notre solution innovante.\",\"breadcrumb\":{\"@id\":\"https:\\\/\\\/crosstalent.com\\\/fr\\\/demo-gratuite-sea\\\/#breadcrumb\"},\"inLanguage\":\"fr-FR\",\"potentialAction\":[{\"@type\":\"ReadAction\",\"target\":[\"https:\\\/\\\/crosstalent.com\\\/fr\\\/demo-gratuite-sea\\\/\"]}]},{\"@type\":\"ImageObject\",\"inLanguage\":\"fr-FR\",\"@id\":\"https:\\\/\\\/crosstalent.com\\\/fr\\\/demo-gratuite-sea\\\/#primaryimage\",\"url\":\"https:\\\/\\\/crosstalent.com\\\/wp-content\\\/uploads\\\/2024\\\/05\\\/crosstalent-capture-revision-salariale.png\",\"contentUrl\":\"https:\\\/\\\/crosstalent.com\\\/wp-content\\\/uploads\\\/2024\\\/05\\\/crosstalent-capture-revision-salariale.png\"},{\"@type\":\"BreadcrumbList\",\"@id\":\"https:\\\/\\\/crosstalent.com\\\/fr\\\/demo-gratuite-sea\\\/#breadcrumb\",\"itemListElement\":[{\"@type\":\"ListItem\",\"position\":1,\"name\":\"Accueil\",\"item\":\"https:\\\/\\\/crosstalent.com\\\/fr\\\/\"},{\"@type\":\"ListItem\",\"position\":2,\"name\":\"Remplissez le formulaire ci-dessous pour avoir une d\u00e9mo gratuite et personnalis\u00e9e\"}]},{\"@type\":\"WebSite\",\"@id\":\"https:\\\/\\\/crosstalent.com\\\/fr\\\/#website\",\"url\":\"https:\\\/\\\/crosstalent.com\\\/fr\\\/\",\"name\":\"Crosstalent\",\"description\":\"Solutions RH &amp; de Gestions d&#039;affaires innovantes en mode SaaS\",\"publisher\":{\"@id\":\"https:\\\/\\\/crosstalent.com\\\/fr\\\/#organization\"},\"potentialAction\":[{\"@type\":\"SearchAction\",\"target\":{\"@type\":\"EntryPoint\",\"urlTemplate\":\"https:\\\/\\\/crosstalent.com\\\/fr\\\/?s={search_term_string}\"},\"query-input\":{\"@type\":\"PropertyValueSpecification\",\"valueRequired\":true,\"valueName\":\"search_term_string\"}}],\"inLanguage\":\"fr-FR\"},{\"@type\":\"Organization\",\"@id\":\"https:\\\/\\\/crosstalent.com\\\/fr\\\/#organization\",\"name\":\"Crosstalent\",\"url\":\"https:\\\/\\\/crosstalent.com\\\/fr\\\/\",\"logo\":{\"@type\":\"ImageObject\",\"inLanguage\":\"fr-FR\",\"@id\":\"https:\\\/\\\/crosstalent.com\\\/fr\\\/#\\\/schema\\\/logo\\\/image\\\/\",\"url\":\"https:\\\/\\\/crosstalent.com\\\/wp-content\\\/uploads\\\/2023\\\/12\\\/crosstalent-logo.svg\",\"contentUrl\":\"https:\\\/\\\/crosstalent.com\\\/wp-content\\\/uploads\\\/2023\\\/12\\\/crosstalent-logo.svg\",\"width\":1,\"height\":1,\"caption\":\"Crosstalent\"},\"image\":{\"@id\":\"https:\\\/\\\/crosstalent.com\\\/fr\\\/#\\\/schema\\\/logo\\\/image\\\/\"},\"sameAs\":[\"https:\\\/\\\/x.com\\\/CrossTalent_FR\",\"https:\\\/\\\/linkedin.com\\\/company\\\/crosstalent\"]}]}<\/script>\n<!-- \/ Yoast SEO plugin. -->","yoast_head_json":{"title":"Demande de D\u00e9mo Gratuite SEA | Solution RH Innovante","description":"D\u00e9couvrez Crosstalent SEA : demandez une d\u00e9mo gratuite et optimisez la gestion RH de votre entreprise avec notre solution innovante.","robots":{"index":"index","follow":"follow","max-snippet":"max-snippet:-1","max-image-preview":"max-image-preview:large","max-video-preview":"max-video-preview:-1"},"canonical":"https:\/\/crosstalent.com\/fr\/demo-gratuite-sea\/","og_locale":"fr_FR","og_type":"article","og_title":"Demande de D\u00e9mo Gratuite SEA | Solution RH Innovante","og_description":"D\u00e9couvrez Crosstalent SEA : demandez une d\u00e9mo gratuite et optimisez la gestion RH de votre entreprise avec notre solution innovante.","og_url":"https:\/\/crosstalent.com\/fr\/demo-gratuite-sea\/","og_site_name":"Crosstalent","article_modified_time":"2025-07-02T02:48:09+00:00","og_image":[{"url":"https:\/\/crosstalent.com\/wp-content\/uploads\/2023\/12\/crosstalent-ogimage.jpg","type":"","width":"","height":""}],"twitter_card":"summary_large_image","twitter_site":"@CrossTalent_FR","twitter_misc":{"Dur\u00e9e de lecture estim\u00e9e":"1 minute"},"schema":{"@context":"https:\/\/schema.org","@graph":[{"@type":"WebPage","@id":"https:\/\/crosstalent.com\/fr\/demo-gratuite-sea\/","url":"https:\/\/crosstalent.com\/fr\/demo-gratuite-sea\/","name":"Demande de D\u00e9mo Gratuite SEA | Solution RH Innovante","isPartOf":{"@id":"https:\/\/crosstalent.com\/fr\/#website"},"primaryImageOfPage":{"@id":"https:\/\/crosstalent.com\/fr\/demo-gratuite-sea\/#primaryimage"},"image":{"@id":"https:\/\/crosstalent.com\/fr\/demo-gratuite-sea\/#primaryimage"},"thumbnailUrl":"https:\/\/crosstalent.com\/wp-content\/uploads\/2024\/05\/crosstalent-capture-revision-salariale.png","datePublished":"2025-01-27T14:01:12+00:00","dateModified":"2025-07-02T02:48:09+00:00","description":"D\u00e9couvrez Crosstalent SEA : demandez une d\u00e9mo gratuite et optimisez la gestion RH de votre entreprise avec notre solution innovante.","breadcrumb":{"@id":"https:\/\/crosstalent.com\/fr\/demo-gratuite-sea\/#breadcrumb"},"inLanguage":"fr-FR","potentialAction":[{"@type":"ReadAction","target":["https:\/\/crosstalent.com\/fr\/demo-gratuite-sea\/"]}]},{"@type":"ImageObject","inLanguage":"fr-FR","@id":"https:\/\/crosstalent.com\/fr\/demo-gratuite-sea\/#primaryimage","url":"https:\/\/crosstalent.com\/wp-content\/uploads\/2024\/05\/crosstalent-capture-revision-salariale.png","contentUrl":"https:\/\/crosstalent.com\/wp-content\/uploads\/2024\/05\/crosstalent-capture-revision-salariale.png"},{"@type":"BreadcrumbList","@id":"https:\/\/crosstalent.com\/fr\/demo-gratuite-sea\/#breadcrumb","itemListElement":[{"@type":"ListItem","position":1,"name":"Accueil","item":"https:\/\/crosstalent.com\/fr\/"},{"@type":"ListItem","position":2,"name":"Remplissez le formulaire ci-dessous pour avoir une d\u00e9mo gratuite et personnalis\u00e9e"}]},{"@type":"WebSite","@id":"https:\/\/crosstalent.com\/fr\/#website","url":"https:\/\/crosstalent.com\/fr\/","name":"Crosstalent","description":"Solutions RH &amp; de Gestions d&#039;affaires innovantes en mode SaaS","publisher":{"@id":"https:\/\/crosstalent.com\/fr\/#organization"},"potentialAction":[{"@type":"SearchAction","target":{"@type":"EntryPoint","urlTemplate":"https:\/\/crosstalent.com\/fr\/?s={search_term_string}"},"query-input":{"@type":"PropertyValueSpecification","valueRequired":true,"valueName":"search_term_string"}}],"inLanguage":"fr-FR"},{"@type":"Organization","@id":"https:\/\/crosstalent.com\/fr\/#organization","name":"Crosstalent","url":"https:\/\/crosstalent.com\/fr\/","logo":{"@type":"ImageObject","inLanguage":"fr-FR","@id":"https:\/\/crosstalent.com\/fr\/#\/schema\/logo\/image\/","url":"https:\/\/crosstalent.com\/wp-content\/uploads\/2023\/12\/crosstalent-logo.svg","contentUrl":"https:\/\/crosstalent.com\/wp-content\/uploads\/2023\/12\/crosstalent-logo.svg","width":1,"height":1,"caption":"Crosstalent"},"image":{"@id":"https:\/\/crosstalent.com\/fr\/#\/schema\/logo\/image\/"},"sameAs":["https:\/\/x.com\/CrossTalent_FR","https:\/\/linkedin.com\/company\/crosstalent"]}]}},"_links":{"self":[{"href":"https:\/\/crosstalent.com\/fr\/wp-json\/wp\/v2\/pages\/20732","targetHints":{"allow":["GET"]}}],"collection":[{"href":"https:\/\/crosstalent.com\/fr\/wp-json\/wp\/v2\/pages"}],"about":[{"href":"https:\/\/crosstalent.com\/fr\/wp-json\/wp\/v2\/types\/page"}],"author":[{"embeddable":true,"href":"https:\/\/crosstalent.com\/fr\/wp-json\/wp\/v2\/users\/15"}],"replies":[{"embeddable":true,"href":"https:\/\/crosstalent.com\/fr\/wp-json\/wp\/v2\/comments?post=20732"}],"version-history":[{"count":0,"href":"https:\/\/crosstalent.com\/fr\/wp-json\/wp\/v2\/pages\/20732\/revisions"}],"wp:attachment":[{"href":"https:\/\/crosstalent.com\/fr\/wp-json\/wp\/v2\/media?parent=20732"}],"curies":[{"name":"wp","href":"https:\/\/api.w.org\/{rel}","templated":true}]}}